{"id":966,"date":"2023-01-15T15:08:46","date_gmt":"2023-01-15T14:08:46","guid":{"rendered":"https:\/\/www.ardennenmeeting.lu\/accueil\/"},"modified":"2025-05-18T16:06:31","modified_gmt":"2025-05-18T14:06:31","slug":"accueil","status":"publish","type":"page","link":"https:\/\/www.ardennenmeeting.lu\/fr\/","title":{"rendered":"Accueil"},"content":{"rendered":"\n<div class=\"wp-block-cover alignfull\" style=\"min-height:511px;aspect-ratio:unset;\"><img loading=\"lazy\" decoding=\"async\" width=\"2560\" height=\"1440\" class=\"wp-block-cover__image-background wp-image-41\" alt=\"\" src=\"https:\/\/www.ardennenmeeting.lu\/wp-content\/uploads\/2023\/01\/Viewpoint_Gringlee_Eislek_86\u00a9LFT_AlfonsoSalgueiro-scaled.jpg\" data-object-fit=\"cover\" srcset=\"https:\/\/www.ardennenmeeting.lu\/wp-content\/uploads\/2023\/01\/Viewpoint_Gringlee_Eislek_86\u00a9LFT_AlfonsoSalgueiro-scaled.jpg 2560w, https:\/\/www.ardennenmeeting.lu\/wp-content\/uploads\/2023\/01\/Viewpoint_Gringlee_Eislek_86\u00a9LFT_AlfonsoSalgueiro-300x169.jpg 300w, https:\/\/www.ardennenmeeting.lu\/wp-content\/uploads\/2023\/01\/Viewpoint_Gringlee_Eislek_86\u00a9LFT_AlfonsoSalgueiro-1024x576.jpg 1024w, https:\/\/www.ardennenmeeting.lu\/wp-content\/uploads\/2023\/01\/Viewpoint_Gringlee_Eislek_86\u00a9LFT_AlfonsoSalgueiro-768x432.jpg 768w, https:\/\/www.ardennenmeeting.lu\/wp-content\/uploads\/2023\/01\/Viewpoint_Gringlee_Eislek_86\u00a9LFT_AlfonsoSalgueiro-1536x864.jpg 1536w, https:\/\/www.ardennenmeeting.lu\/wp-content\/uploads\/2023\/01\/Viewpoint_Gringlee_Eislek_86\u00a9LFT_AlfonsoSalgueiro-2048x1152.jpg 2048w\" sizes=\"auto, (max-width: 2560px) 100vw, 2560px\" \/><span aria-hidden=\"true\" class=\"wp-block-cover__background has-background-dim-0 has-background-dim\"><\/span><div class=\"wp-block-cover__inner-container is-layout-flow wp-block-cover-is-layout-flow\">\n<div style=\"height:0px\" aria-hidden=\"true\" class=\"wp-block-spacer\"><\/div>\n\n\n\n<div class=\"wp-block-columns is-layout-flex wp-container-core-columns-is-layout-9d6595d7 wp-block-columns-is-layout-flex\">\n<div class=\"wp-block-column is-layout-flow wp-block-column-is-layout-flow\"><div class=\"wp-block-image\">\n<figure class=\"alignright size-full is-resized\"><img loading=\"lazy\" decoding=\"async\" width=\"373\" height=\"335\" src=\"https:\/\/www.ardennenmeeting.lu\/wp-content\/uploads\/2025\/02\/amlogo25-website_frontpage-373-335.png\" alt=\"\" class=\"wp-image-819\" style=\"width:412px;height:335px\" srcset=\"https:\/\/www.ardennenmeeting.lu\/wp-content\/uploads\/2025\/02\/amlogo25-website_frontpage-373-335.png 373w, https:\/\/www.ardennenmeeting.lu\/wp-content\/uploads\/2025\/02\/amlogo25-website_frontpage-373-335-300x269.png 300w\" sizes=\"auto, (max-width: 373px) 100vw, 373px\" \/><\/figure>\n<\/div><\/div>\n\n\n\n<div class=\"wp-block-column is-vertically-aligned-center is-layout-flow wp-block-column-is-layout-flow\">\n<h1 style=\"text-align: center;\">Ardennen MeetinG 2025<\/h1>\n<h3 style=\"text-align: center;\">22 &#8211; 24 ao\u00fbt 2025<br>Bourscheid-Plage<\/h3>\n<\/div>\n<\/div>\n\n\n\n<div style=\"height:28px\" aria-hidden=\"true\" class=\"wp-block-spacer\"><\/div>\n<\/div><\/div>\n\n<div class=\"wp-block-columns is-layout-flex wp-container-core-columns-is-layout-9d6595d7 wp-block-columns-is-layout-flex\">\n<div class=\"wp-block-column has-medium-font-size is-layout-flow wp-block-column-is-layout-flow\" style=\"flex-basis:100%\"><nav class=\"is-responsive items-justified-center wp-block-navigation is-horizontal is-content-justification-center is-layout-flex wp-container-core-navigation-is-layout-499968f5 wp-block-navigation-is-layout-flex\" aria-label=\"Menu Navigation Nouveau\" \n\t\t data-wp-interactive=\"core\/navigation\" data-wp-context='{\"overlayOpenedBy\":{\"click\":false,\"hover\":false,\"focus\":false},\"type\":\"overlay\",\"roleAttribute\":\"\",\"ariaLabel\":\"Menu\"}'><button aria-haspopup=\"dialog\" aria-label=\"Ouvrir le menu\" class=\"wp-block-navigation__responsive-container-open\" \n\t\t\t\tdata-wp-on--click=\"actions.openMenuOnClick\"\n\t\t\t\tdata-wp-on--keydown=\"actions.handleMenuKeydown\"\n\t\t\t><svg width=\"24\" height=\"24\" xmlns=\"http:\/\/www.w3.org\/2000\/svg\" viewBox=\"0 0 24 24\" aria-hidden=\"true\" focusable=\"false\"><path d=\"M4 7.5h16v1.5H4z\"><\/path><path d=\"M4 15h16v1.5H4z\"><\/path><\/svg><\/button>\n\t\t\t\t<div class=\"wp-block-navigation__responsive-container\"  id=\"modal-1\" \n\t\t\t\tdata-wp-class--has-modal-open=\"state.isMenuOpen\"\n\t\t\t\tdata-wp-class--is-menu-open=\"state.isMenuOpen\"\n\t\t\t\tdata-wp-watch=\"callbacks.initMenu\"\n\t\t\t\tdata-wp-on--keydown=\"actions.handleMenuKeydown\"\n\t\t\t\tdata-wp-on--focusout=\"actions.handleMenuFocusout\"\n\t\t\t\ttabindex=\"-1\"\n\t\t\t>\n\t\t\t\t\t<div class=\"wp-block-navigation__responsive-close\" tabindex=\"-1\">\n\t\t\t\t\t\t<div class=\"wp-block-navigation__responsive-dialog\" \n\t\t\t\tdata-wp-bind--aria-modal=\"state.ariaModal\"\n\t\t\t\tdata-wp-bind--aria-label=\"state.ariaLabel\"\n\t\t\t\tdata-wp-bind--role=\"state.roleAttribute\"\n\t\t\t>\n\t\t\t\t\t\t\t<button aria-label=\"Fermer le menu\" class=\"wp-block-navigation__responsive-container-close\" \n\t\t\t\tdata-wp-on--click=\"actions.closeMenuOnClick\"\n\t\t\t><svg xmlns=\"http:\/\/www.w3.org\/2000\/svg\" viewBox=\"0 0 24 24\" width=\"24\" height=\"24\" aria-hidden=\"true\" focusable=\"false\"><path d=\"m13.06 12 6.47-6.47-1.06-1.06L12 10.94 5.53 4.47 4.47 5.53 10.94 12l-6.47 6.47 1.06 1.06L12 13.06l6.47 6.47 1.06-1.06L13.06 12Z\"><\/path><\/svg><\/button>\n\t\t\t\t\t\t\t<div class=\"wp-block-navigation__responsive-container-content\" \n\t\t\t\tdata-wp-watch=\"callbacks.focusFirstElement\"\n\t\t\t id=\"modal-1-content\">\n\t\t\t\t\t\t\t\t<ul class=\"wp-block-navigation__container is-responsive items-justified-center wp-block-navigation\"><li class=\" wp-block-navigation-item wp-block-navigation-link\"><a class=\"wp-block-navigation-item__content\"  href=\"https:\/\/www.ardennenmeeting.lu\/fr\/\"><span class=\"wp-block-navigation-item__label\">Accueil<\/span><\/a><\/li><li class=\" wp-block-navigation-item wp-block-navigation-link\"><a class=\"wp-block-navigation-item__content\"  href=\"#\"><span class=\"wp-block-navigation-item__label\">&#8211;<\/span><\/a><\/li><li class=\" wp-block-navigation-item wp-block-navigation-link\"><a class=\"wp-block-navigation-item__content\"  href=\"https:\/\/www.ardennenmeeting.lu\/fr\/programme\/\"><span class=\"wp-block-navigation-item__label\">Programme<\/span><\/a><\/li><li class=\" wp-block-navigation-item wp-block-navigation-link\"><a class=\"wp-block-navigation-item__content\"  href=\"#\"><span class=\"wp-block-navigation-item__label\">&#8211;<\/span><\/a><\/li><li class=\" wp-block-navigation-item wp-block-navigation-link\"><a class=\"wp-block-navigation-item__content\"  href=\"https:\/\/www.ardennenmeeting.lu\/fr\/hebergement\/\"><span class=\"wp-block-navigation-item__label\">H\u00e9bergement<\/span><\/a><\/li><li class=\" wp-block-navigation-item wp-block-navigation-link\"><a class=\"wp-block-navigation-item__content\"  href=\"#\"><span class=\"wp-block-navigation-item__label\">&#8211;<\/span><\/a><\/li><li class=\" wp-block-navigation-item wp-block-navigation-link\"><a class=\"wp-block-navigation-item__content\"  href=\"https:\/\/www.ardennenmeeting.lu\/fr\/cout\/\"><span class=\"wp-block-navigation-item__label\">Co\u00fbt<\/span><\/a><\/li><li class=\" wp-block-navigation-item wp-block-navigation-link\"><a class=\"wp-block-navigation-item__content\"  href=\"#\"><span class=\"wp-block-navigation-item__label\">&#8211;<\/span><\/a><\/li><li class=\" wp-block-navigation-item wp-block-navigation-link\"><a class=\"wp-block-navigation-item__content\"  href=\"https:\/\/form.jotform.com\/251302469571355\" target=\"_blank\"  ><span class=\"wp-block-navigation-item__label\">R\u00e9servez d\u00e8s maintenant !<\/span><\/a><\/li><\/ul>\n\t\t\t\t\t\t\t<\/div>\n\t\t\t\t\t\t<\/div>\n\t\t\t\t\t<\/div>\n\t\t\t\t<\/div><\/nav><\/div>\n<\/div>\n<p>Chers amis de l&rsquo;Ardennen MeetinG,<\/p>\n<p>Suite \u00e0 l&rsquo;\u00e9v\u00e9nement europ\u00e9en 2024, nous organisons \u00e0 nouveau cette ann\u00e9e un Ardennen MeetinG &#8211; un peu plus petit mais pas moins attrayant !<\/p>\n<p>Comme en 2023, nous s\u00e9journerons cette ann\u00e9e encore und fois \u00e0 Bourscheid-Plage. Nous r\u00e9servons un nouvel emplacement pour 2027, date \u00e0 laquelle nous f\u00eaterons notre 70e anniversaire !<\/p>\n<p>Notre \u00e9v\u00e9nement d\u00e9butera le jeudi 21 ao\u00fbt au soir, de sorte que notre premier trajet aura lieu le vendredi 22 ao\u00fbt. Bien entendu, il est \u00e9galement possible d&rsquo;arriver le vendredi soir, car nous avons gard\u00e9 les moments forts pour le samedi, comme toujours. Il y aura un m\u00e9lange de belles promenades et de quelques jeux en cours. Vous trouverez plus de d\u00e9tails sous le lien \u00ab\u00a0Programme\u00a0\u00bb.<\/p>\n<p>Vous trouverez les modalit\u00e9s d&rsquo;inscription et les co\u00fbts de la r\u00e9union en cliquant sur le lien \u00ab\u00a0Co\u00fbt\u00a0\u00bb. Il est important de noter que l <strong>&lsquo;h\u00e9bergement n&rsquo;est PAS inclus dans le prix de<\/strong> la r\u00e9union. Pour plus d&rsquo;informations, veuillez cliquer sur le lien \u00ab\u00a0H\u00e9bergement\u00a0\u00bb.<\/p>\n<p>Et maintenant, bonne d\u00e9couverte de l&rsquo;\u00e9v\u00e9nement !<\/p>\n<p>L&rsquo;\u00e9quipe organisatrice du Ardennen MeetinG<\/p>\n\n<div class=\"wp-block-cover alignfull\" style=\"min-height:600px;aspect-ratio:unset;\"><span aria-hidden=\"true\" class=\"wp-block-cover__background has-nv-light-bg-background-color has-background-dim-100 has-background-dim\"><\/span><div class=\"wp-block-cover__inner-container is-layout-flow wp-block-cover-is-layout-flow\">\n<div class=\"wp-block-group\"><div class=\"wp-block-group__inner-container is-layout-flow wp-block-group-is-layout-flow\">\n<div class=\"wp-block-columns are-vertically-aligned-center is-layout-flex wp-container-core-columns-is-layout-9d6595d7 wp-block-columns-is-layout-flex\">\n<div class=\"wp-block-column is-vertically-aligned-center is-layout-flow wp-block-column-is-layout-flow\" style=\"flex-basis:50%\">\n<figure class=\"wp-block-image size-large\"><img loading=\"lazy\" decoding=\"async\" width=\"1024\" height=\"682\" src=\"https:\/\/www.ardennenmeeting.lu\/wp-content\/uploads\/2025\/02\/Untereisenbach-Staumauer-1024x682.jpg\" alt=\"\" class=\"wp-image-826\" srcset=\"https:\/\/www.ardennenmeeting.lu\/wp-content\/uploads\/2025\/02\/Untereisenbach-Staumauer-1024x682.jpg 1024w, https:\/\/www.ardennenmeeting.lu\/wp-content\/uploads\/2025\/02\/Untereisenbach-Staumauer-300x200.jpg 300w, https:\/\/www.ardennenmeeting.lu\/wp-content\/uploads\/2025\/02\/Untereisenbach-Staumauer-768x511.jpg 768w, https:\/\/www.ardennenmeeting.lu\/wp-content\/uploads\/2025\/02\/Untereisenbach-Staumauer-930x620.jpg 930w, https:\/\/www.ardennenmeeting.lu\/wp-content\/uploads\/2025\/02\/Untereisenbach-Staumauer.jpg 1440w\" sizes=\"auto, (max-width: 1024px) 100vw, 1024px\" \/><\/figure>\n<\/div>\n\n\n\n<div class=\"wp-block-column is-vertically-aligned-center is-layout-flow wp-block-column-is-layout-flow\" style=\"flex-basis:50%\">\n<div style=\"height:20px\" aria-hidden=\"true\" class=\"wp-block-spacer\"><\/div>\n\n\n\n<h2 class=\"wp-block-heading has-text-align-left has-neve-text-color-color has-text-color\">Le programme de l&rsquo;\u00e9v\u00e9nement<\/h2>\n\n\n\n<p class=\"has-text-align-left has-neve-text-color-color has-text-color\" style=\"font-size:17px\">Vous pouvez arriver le jeudi ou le vendredi soir, ou le samedi matin. Cliquez ici pour d\u00e9couvrir ce que nous avons pr\u00e9par\u00e9 pour vous !<\/p>\n\n\n\n<div class=\"wp-block-buttons is-horizontal is-content-justification-left is-layout-flex wp-container-core-buttons-is-layout-7e5fce0a wp-block-buttons-is-layout-flex\">\n<div class=\"wp-block-button is-style-primary\"><a class=\"wp-block-button__link wp-element-button\" href=\"https:\/\/www.ardennenmeeting.lu\/fr\/programme\/\">D\u00e9couvrez le programme de l&rsquo;\u00e9v\u00e9nement<\/a><\/div>\n<\/div>\n<\/div>\n<\/div>\n\n\n\n<div style=\"height:40px\" aria-hidden=\"true\" class=\"wp-block-spacer\"><\/div>\n<\/div><\/div>\n<\/div><\/div>\n\n<div class=\"wp-block-cover alignfull\" style=\"min-height:600px;aspect-ratio:unset;\"><span aria-hidden=\"true\" class=\"wp-block-cover__background has-nv-site-bg-background-color has-background-dim-100 has-background-dim\"><\/span><div class=\"wp-block-cover__inner-container is-layout-flow wp-block-cover-is-layout-flow\">\n<div class=\"wp-block-group\"><div class=\"wp-block-group__inner-container is-layout-flow wp-block-group-is-layout-flow\">\n<div class=\"wp-block-columns are-vertically-aligned-center is-layout-flex wp-container-core-columns-is-layout-9d6595d7 wp-block-columns-is-layout-flex\">\n<div class=\"wp-block-column is-vertically-aligned-center is-layout-flow wp-block-column-is-layout-flow\" style=\"flex-basis:50%\">\n<h2 class=\"wp-block-heading has-text-align-left has-neve-text-color-color has-text-color\">Le logement<\/h2>\n\n\n\n<p class=\"has-text-align-left has-neve-text-color-color has-text-color\" style=\"font-size:17px\">Comme les ann\u00e9es pr\u00e9c\u00e9dentes, nous vous laissons d\u00e9cider de l&rsquo;endroit o\u00f9 vous souhaitez s\u00e9journer &#8211; avec un budget limit\u00e9 dans le camping voisin, ou avec un peu de confort dans l&rsquo;h\u00f4tel de notre camp de base. C&rsquo;est vous qui choisissez !<\/p>\n\n\n\n<div class=\"wp-block-buttons is-horizontal is-content-justification-left is-layout-flex wp-container-core-buttons-is-layout-7e5fce0a wp-block-buttons-is-layout-flex\">\n<div class=\"wp-block-button is-style-primary\"><a class=\"wp-block-button__link wp-element-button\" href=\"https:\/\/www.ardennenmeeting.lu\/fr\/hebergement\/\">En savoir plus sur l&rsquo;h\u00e9bergement<\/a><\/div>\n<\/div>\n\n\n\n<div style=\"height:40px\" aria-hidden=\"true\" class=\"wp-block-spacer\"><\/div>\n<\/div>\n\n\n\n<div class=\"wp-block-column is-vertically-aligned-center is-layout-flow wp-block-column-is-layout-flow\" style=\"flex-basis:50%\">\n<figure class=\"wp-block-image size-full\"><img loading=\"lazy\" decoding=\"async\" width=\"905\" height=\"679\" src=\"https:\/\/www.ardennenmeeting.lu\/wp-content\/uploads\/2023\/02\/DSC_6561-landscape-edited.jpg\" alt=\"\" class=\"wp-image-113\" srcset=\"https:\/\/www.ardennenmeeting.lu\/wp-content\/uploads\/2023\/02\/DSC_6561-landscape-edited.jpg 905w, https:\/\/www.ardennenmeeting.lu\/wp-content\/uploads\/2023\/02\/DSC_6561-landscape-edited-300x225.jpg 300w, https:\/\/www.ardennenmeeting.lu\/wp-content\/uploads\/2023\/02\/DSC_6561-landscape-edited-768x576.jpg 768w\" sizes=\"auto, (max-width: 905px) 100vw, 905px\" \/><\/figure>\n<\/div>\n<\/div>\n<\/div><\/div>\n<\/div><\/div>\n\n<div class=\"wp-block-cover alignfull is-light\" style=\"min-height:161px;aspect-ratio:unset;\"><span aria-hidden=\"true\" class=\"wp-block-cover__background has-background-dim-100 has-background-dim\" style=\"background-color:#8adc4b\"><\/span><div class=\"wp-block-cover__inner-container is-layout-flow wp-block-cover-is-layout-flow\">\n<div class=\"wp-block-buttons is-horizontal is-content-justification-center is-layout-flex wp-container-core-buttons-is-layout-499968f5 wp-block-buttons-is-layout-flex\">\n<div class=\"wp-block-button is-style-primary\"><a class=\"wp-block-button__link wp-element-button\" href=\"https:\/\/form.jotform.com\/251302469571355\" target=\"_blank\" rel=\"noreferrer noopener\">R\u00e9servez d\u00e8s maintenant votre participation \u00e0 l&rsquo;Ardennen MeetinG 2025 !<\/a><\/div>\n<\/div>\n<\/div><\/div>\n","protected":false},"excerpt":{"rendered":"<p>Chers amis de l&rsquo;Ardennen MeetinG, Suite \u00e0 l&rsquo;\u00e9v\u00e9nement europ\u00e9en 2024, nous organisons \u00e0 nouveau cette ann\u00e9e un Ardennen MeetinG &#8211; un peu plus petit mais pas moins attrayant ! Comme en 2023, nous s\u00e9journerons cette ann\u00e9e encore und fois \u00e0 Bourscheid-Plage. Nous r\u00e9servons un nouvel emplacement pour 2027, date \u00e0 laquelle nous f\u00eaterons notre 70e&hellip;&nbsp;<a href=\"https:\/\/www.ardennenmeeting.lu\/fr\/\" rel=\"bookmark\">Lire la suite &raquo;<span class=\"screen-reader-text\">Accueil<\/span><\/a><\/p>\n","protected":false},"author":1,"featured_media":0,"parent":0,"menu_order":0,"comment_status":"closed","ping_status":"closed","template":"","meta":{"neve_meta_sidebar":"default","neve_meta_container":"","neve_meta_enable_content_width":"on","neve_meta_content_width":100,"neve_meta_title_alignment":"","neve_meta_author_avatar":"","neve_post_elements_order":"","neve_meta_disable_header":"","neve_meta_disable_footer":"","neve_meta_disable_title":"on","ngg_post_thumbnail":0,"footnotes":""},"class_list":["post-966","page","type-page","status-publish","hentry"],"_links":{"self":[{"href":"https:\/\/www.ardennenmeeting.lu\/fr\/wp-json\/wp\/v2\/pages\/966","targetHints":{"allow":["GET"]}}],"collection":[{"href":"https:\/\/www.ardennenmeeting.lu\/fr\/wp-json\/wp\/v2\/pages"}],"about":[{"href":"https:\/\/www.ardennenmeeting.lu\/fr\/wp-json\/wp\/v2\/types\/page"}],"author":[{"embeddable":true,"href":"https:\/\/www.ardennenmeeting.lu\/fr\/wp-json\/wp\/v2\/users\/1"}],"replies":[{"embeddable":true,"href":"https:\/\/www.ardennenmeeting.lu\/fr\/wp-json\/wp\/v2\/comments?post=966"}],"version-history":[{"count":7,"href":"https:\/\/www.ardennenmeeting.lu\/fr\/wp-json\/wp\/v2\/pages\/966\/revisions"}],"predecessor-version":[{"id":1116,"href":"https:\/\/www.ardennenmeeting.lu\/fr\/wp-json\/wp\/v2\/pages\/966\/revisions\/1116"}],"wp:attachment":[{"href":"https:\/\/www.ardennenmeeting.lu\/fr\/wp-json\/wp\/v2\/media?parent=966"}],"curies":[{"name":"wp","href":"https:\/\/api.w.org\/{rel}","templated":true}]}}