{"id":1083,"date":"2023-02-26T18:11:55","date_gmt":"2023-02-26T17:11:55","guid":{"rendered":"https:\/\/www.ardennenmeeting.lu\/cout\/"},"modified":"2025-05-18T16:07:31","modified_gmt":"2025-05-18T14:07:31","slug":"cout","status":"publish","type":"page","link":"https:\/\/www.ardennenmeeting.lu\/fr\/cout\/","title":{"rendered":"Co\u00fbt"},"content":{"rendered":"\n<div class=\"wp-block-cover alignfull\" style=\"min-height:269px;aspect-ratio:unset;\"><img loading=\"lazy\" decoding=\"async\" width=\"2560\" height=\"1440\" class=\"wp-block-cover__image-background wp-image-41\" alt=\"\" src=\"https:\/\/www.ardennenmeeting.lu\/wp-content\/uploads\/2023\/01\/Viewpoint_Gringlee_Eislek_86\u00a9LFT_AlfonsoSalgueiro-scaled.jpg\" data-object-fit=\"cover\" srcset=\"https:\/\/www.ardennenmeeting.lu\/wp-content\/uploads\/2023\/01\/Viewpoint_Gringlee_Eislek_86\u00a9LFT_AlfonsoSalgueiro-scaled.jpg 2560w, https:\/\/www.ardennenmeeting.lu\/wp-content\/uploads\/2023\/01\/Viewpoint_Gringlee_Eislek_86\u00a9LFT_AlfonsoSalgueiro-300x169.jpg 300w, https:\/\/www.ardennenmeeting.lu\/wp-content\/uploads\/2023\/01\/Viewpoint_Gringlee_Eislek_86\u00a9LFT_AlfonsoSalgueiro-1024x576.jpg 1024w, https:\/\/www.ardennenmeeting.lu\/wp-content\/uploads\/2023\/01\/Viewpoint_Gringlee_Eislek_86\u00a9LFT_AlfonsoSalgueiro-768x432.jpg 768w, https:\/\/www.ardennenmeeting.lu\/wp-content\/uploads\/2023\/01\/Viewpoint_Gringlee_Eislek_86\u00a9LFT_AlfonsoSalgueiro-1536x864.jpg 1536w, https:\/\/www.ardennenmeeting.lu\/wp-content\/uploads\/2023\/01\/Viewpoint_Gringlee_Eislek_86\u00a9LFT_AlfonsoSalgueiro-2048x1152.jpg 2048w\" sizes=\"auto, (max-width: 2560px) 100vw, 2560px\" \/><span aria-hidden=\"true\" class=\"wp-block-cover__background has-background-dim-0 has-background-dim\"><\/span><div class=\"wp-block-cover__inner-container is-layout-flow wp-block-cover-is-layout-flow\">\n<div style=\"height:0px\" aria-hidden=\"true\" class=\"wp-block-spacer\"><\/div>\n\n\n\n<div class=\"wp-block-columns are-vertically-aligned-center is-layout-flex wp-container-core-columns-is-layout-9d6595d7 wp-block-columns-is-layout-flex\">\n<div class=\"wp-block-column is-vertically-aligned-center is-layout-flow wp-block-column-is-layout-flow\"><div class=\"wp-block-image\">\n<figure class=\"alignright size-full is-resized\"><img loading=\"lazy\" decoding=\"async\" width=\"700\" height=\"569\" src=\"https:\/\/www.ardennenmeeting.lu\/wp-content\/uploads\/2023\/01\/ardennen_23_logo.png\" alt=\"\" class=\"wp-image-42\" style=\"width:175px;height:142px\" srcset=\"https:\/\/www.ardennenmeeting.lu\/wp-content\/uploads\/2023\/01\/ardennen_23_logo.png 700w, https:\/\/www.ardennenmeeting.lu\/wp-content\/uploads\/2023\/01\/ardennen_23_logo-300x244.png 300w\" sizes=\"auto, (max-width: 700px) 100vw, 700px\" \/><\/figure>\n<\/div><\/div>\n\n\n\n<div class=\"wp-block-column is-vertically-aligned-center is-layout-flow wp-block-column-is-layout-flow\">\n<h1 style=\"text-align: left;\">Qu&rsquo;est-ce qui est inclus ?<\/h1>\n<\/div>\n<\/div>\n\n\n\n<div style=\"height:28px\" aria-hidden=\"true\" class=\"wp-block-spacer\"><\/div>\n<\/div><\/div>\n<nav class=\"has-medium-font-size is-responsive items-justified-center wp-block-navigation is-content-justification-center is-layout-flex wp-container-core-navigation-is-layout-16018d1d wp-block-navigation-is-layout-flex\" aria-label=\"Menu Navigation Nouveau\" \n\t\t data-wp-interactive=\"core\/navigation\" data-wp-context='{\"overlayOpenedBy\":{\"click\":false,\"hover\":false,\"focus\":false},\"type\":\"overlay\",\"roleAttribute\":\"\",\"ariaLabel\":\"Menu\"}'><button aria-haspopup=\"dialog\" aria-label=\"Ouvrir le menu\" class=\"wp-block-navigation__responsive-container-open\" \n\t\t\t\tdata-wp-on--click=\"actions.openMenuOnClick\"\n\t\t\t\tdata-wp-on--keydown=\"actions.handleMenuKeydown\"\n\t\t\t><svg width=\"24\" height=\"24\" xmlns=\"http:\/\/www.w3.org\/2000\/svg\" viewBox=\"0 0 24 24\" aria-hidden=\"true\" focusable=\"false\"><path d=\"M4 7.5h16v1.5H4z\"><\/path><path d=\"M4 15h16v1.5H4z\"><\/path><\/svg><\/button>\n\t\t\t\t<div class=\"wp-block-navigation__responsive-container\"  id=\"modal-1\" \n\t\t\t\tdata-wp-class--has-modal-open=\"state.isMenuOpen\"\n\t\t\t\tdata-wp-class--is-menu-open=\"state.isMenuOpen\"\n\t\t\t\tdata-wp-watch=\"callbacks.initMenu\"\n\t\t\t\tdata-wp-on--keydown=\"actions.handleMenuKeydown\"\n\t\t\t\tdata-wp-on--focusout=\"actions.handleMenuFocusout\"\n\t\t\t\ttabindex=\"-1\"\n\t\t\t>\n\t\t\t\t\t<div class=\"wp-block-navigation__responsive-close\" tabindex=\"-1\">\n\t\t\t\t\t\t<div class=\"wp-block-navigation__responsive-dialog\" \n\t\t\t\tdata-wp-bind--aria-modal=\"state.ariaModal\"\n\t\t\t\tdata-wp-bind--aria-label=\"state.ariaLabel\"\n\t\t\t\tdata-wp-bind--role=\"state.roleAttribute\"\n\t\t\t>\n\t\t\t\t\t\t\t<button aria-label=\"Fermer le menu\" class=\"wp-block-navigation__responsive-container-close\" \n\t\t\t\tdata-wp-on--click=\"actions.closeMenuOnClick\"\n\t\t\t><svg xmlns=\"http:\/\/www.w3.org\/2000\/svg\" viewBox=\"0 0 24 24\" width=\"24\" height=\"24\" aria-hidden=\"true\" focusable=\"false\"><path d=\"m13.06 12 6.47-6.47-1.06-1.06L12 10.94 5.53 4.47 4.47 5.53 10.94 12l-6.47 6.47 1.06 1.06L12 13.06l6.47 6.47 1.06-1.06L13.06 12Z\"><\/path><\/svg><\/button>\n\t\t\t\t\t\t\t<div class=\"wp-block-navigation__responsive-container-content\" \n\t\t\t\tdata-wp-watch=\"callbacks.focusFirstElement\"\n\t\t\t id=\"modal-1-content\">\n\t\t\t\t\t\t\t\t<ul class=\"wp-block-navigation__container has-medium-font-size is-responsive items-justified-center wp-block-navigation has-medium-font-size\"><li class=\"has-medium-font-size wp-block-navigation-item wp-block-navigation-link\"><a class=\"wp-block-navigation-item__content\"  href=\"https:\/\/www.ardennenmeeting.lu\/fr\/\"><span class=\"wp-block-navigation-item__label\">Accueil<\/span><\/a><\/li><li class=\"has-medium-font-size wp-block-navigation-item wp-block-navigation-link\"><a class=\"wp-block-navigation-item__content\"  href=\"#\"><span class=\"wp-block-navigation-item__label\">&#8211;<\/span><\/a><\/li><li class=\"has-medium-font-size wp-block-navigation-item wp-block-navigation-link\"><a class=\"wp-block-navigation-item__content\"  href=\"https:\/\/www.ardennenmeeting.lu\/fr\/programme\/\"><span class=\"wp-block-navigation-item__label\">Programme<\/span><\/a><\/li><li class=\"has-medium-font-size wp-block-navigation-item wp-block-navigation-link\"><a class=\"wp-block-navigation-item__content\"  href=\"#\"><span class=\"wp-block-navigation-item__label\">&#8211;<\/span><\/a><\/li><li class=\"has-medium-font-size wp-block-navigation-item wp-block-navigation-link\"><a class=\"wp-block-navigation-item__content\"  href=\"https:\/\/www.ardennenmeeting.lu\/fr\/hebergement\/\"><span class=\"wp-block-navigation-item__label\">H\u00e9bergement<\/span><\/a><\/li><li class=\"has-medium-font-size wp-block-navigation-item wp-block-navigation-link\"><a class=\"wp-block-navigation-item__content\"  href=\"#\"><span class=\"wp-block-navigation-item__label\">&#8211;<\/span><\/a><\/li><li class=\"has-medium-font-size wp-block-navigation-item wp-block-navigation-link\"><a class=\"wp-block-navigation-item__content\"  href=\"https:\/\/www.ardennenmeeting.lu\/fr\/cout\/\"><span class=\"wp-block-navigation-item__label\">Co\u00fbt<\/span><\/a><\/li><li class=\"has-medium-font-size wp-block-navigation-item wp-block-navigation-link\"><a class=\"wp-block-navigation-item__content\"  href=\"#\"><span class=\"wp-block-navigation-item__label\">&#8211;<\/span><\/a><\/li><li class=\"has-medium-font-size wp-block-navigation-item wp-block-navigation-link\"><a class=\"wp-block-navigation-item__content\"  href=\"https:\/\/form.jotform.com\/251302469571355\" target=\"_blank\"  ><span class=\"wp-block-navigation-item__label\">R\u00e9servez d\u00e8s maintenant !<\/span><\/a><\/li><\/ul>\n\t\t\t\t\t\t\t<\/div>\n\t\t\t\t\t\t<\/div>\n\t\t\t\t\t<\/div>\n\t\t\t\t<\/div><\/nav><h2>Qu&rsquo;est-ce qui est inclus dans votre forfait ?<\/h2>\n<p><strong>Pour une voiture de 2 personnes, le co\u00fbt est de 460 \u20ac pour une arriv\u00e9e le jeudi soir, et de 420 \u20ac pour une arriv\u00e9e le vendredi soir. Le tableau r\u00e9capitulatif se trouve \u00e0 la fin de cette page.<\/strong><\/p>\n<p>Comme toujours, nous voulons maintenir les co\u00fbts aussi bas que possible, et aussi transparents que possible, voici un aper\u00e7u de ce que contient votre paquet :&nbsp;<\/p>\n<h5>Taxe de base<\/h5>\n<p>Le tarif de base comprend tout ce qui est n\u00e9cessaire \u00e0 l&rsquo;organisation de cette r\u00e9union, ainsi que votre \u00e9quipement de base. Cela va de votre plaque de rallye, au sac \u00e0 surprises que nous voulons distribuer, aux prix pour nos gagnants, mais aussi aux copies des carnets de route, et \u00e0 tout autre mat\u00e9riel n\u00e9cessaire.&nbsp;<\/p>\n<h5>D\u00eener du jeudi soir<\/h5>\n<p>Comme les repas sont les m\u00eames pour tout le monde, nous voulons vous laisser le choix de manger ou non quelque chose et ce que vous voulez manger. Le d\u00eener du jeudi n&rsquo;est donc PAS inclus et peut \u00eatre r\u00e9serv\u00e9<em>\u00ab\u00a0\u00e0 la carte<\/em>\u00ab\u00a0.<\/p>\n<h5>Vendredi (petit-d\u00e9jeuner, visite guid\u00e9e, d\u00e9jeuner et d\u00eener)<\/h5>\n<p>Le petit-d\u00e9jeuner pour ceux qui ont r\u00e9serv\u00e9 l&rsquo;h\u00f4tel sera inclus dans le prix de l&rsquo;h\u00f4tel &#8211; pour ceux qui le souhaitent, ils peuvent le r\u00e9server s\u00e9par\u00e9ment au prix de <strong>21 \u20ac par personne<\/strong>, un petit-d\u00e9jeuner buffet complet sera servi.<\/p>\n<p>Au cours de la visite du vendredi, nous ferons une pause \u00e0 Heinerscheid pour un d\u00e9jeuner l\u00e9ger. Il n&rsquo;y aura pas de visite sp\u00e9cifique ce jour-l\u00e0, mais nous vous donnerons une liste de choses \u00e0 voir le long de l&rsquo;itin\u00e9raire. Le d\u00e9jeuner + 1 boisson sur place sont inclus.<\/p>\n<p>Avant le d\u00eener du vendredi soir, nous prendrons un ap\u00e9ritif ensemble. Pour le d\u00eener, un menu \u00e0 trois plats est servi. L\u00e0 encore, il y a des choix pour les v\u00e9g\u00e9tariens et les v\u00e9g\u00e9taliens.<\/p>\n<h5>Samedi (\u00e0 nouveau, le petit-d\u00e9jeuner, la visite, le d\u00e9jeuner et le d\u00eener)<\/h5>\n<p>Il en va de m\u00eame pour le petit-d\u00e9jeuner &#8211; inclus pour ceux qui s\u00e9journent \u00e0 l&rsquo;h\u00f4tel, il peut \u00eatre r\u00e9serv\u00e9 en suppl\u00e9ment pour ceux qui viennent de l&rsquo;ext\u00e9rieur.&nbsp;<br \/>Notre d\u00e9jeuner aura lieu dans le Nospelt. Ce petit village est r\u00e9put\u00e9 pour accueillir le festival \u00ab\u00a0Emaischen\u00a0\u00bb, un march\u00e9 de P\u00e2ques traditionnel et un festival folklorique, particuli\u00e8rement connu pour ses \u00ab\u00a0P\u00e9ckvillercher\u00a0\u00bb, des petits sifflets en argile en forme d&rsquo;oiseau. Ces sifflets sont une caract\u00e9ristique du festival et sont tr\u00e8s appr\u00e9ci\u00e9s des enfants et des collectionneurs. Nospelt a \u00e9galement \u00e9t\u00e9 historiquement le centre de l&rsquo;industrie de la poterie au Luxembourg. Vous d\u00e9couvrirez comment ces petits oiseaux sont fabriqu\u00e9s, certains d&rsquo;entre vous auront la possibilit\u00e9 d&rsquo;en cr\u00e9er un eux-m\u00eames, et vous recevrez tous un MG P\u00e9ckvillchen unique en cadeau !<\/p>\n<p>Notre d\u00eener du samedi sera un riche barbecue, avec un large \u00e9ventail de salades et de viandes diff\u00e9rentes (des options pour les v\u00e9g\u00e9taliens et les v\u00e9g\u00e9tariens sont bien s\u00fbr disponibles).  <br \/>2 boissons comme le vin, les boissons non alcoolis\u00e9es ou la bi\u00e8re sont incluses.<\/p>\n<h5>Dimanche (petit-d\u00e9jeuner, visite et d\u00e9jeuner)<\/h5>\n<p>Nous terminerons la derni\u00e8re partie de l&rsquo;\u00e9v\u00e9nement par un brunch le dimanche matin. Si le temps le permet, des activit\u00e9s seront organis\u00e9es \u00e0 l&rsquo;ext\u00e9rieur de l&rsquo;h\u00f4tel. Apr\u00e8s le brunch, nous proc\u00e9derons aux remises de prix et aux adieux.&nbsp;<\/p>\n<h5>Co\u00fbt total<\/h5>\n<p>Voici un tableau r\u00e9capitulatif du co\u00fbt de l&rsquo;\u00e9v\u00e9nement, les enfants jusqu&rsquo;\u00e0 15 ans inclus b\u00e9n\u00e9ficieront d&rsquo;une r\u00e9duction globale de 25 % sur le co\u00fbt par personne.<\/p>\n\n<table border=\"1\" width=\"60%\">\n  <thead>\n    <tr>\n      <th>Jour d&rsquo;arriv\u00e9e<\/th>\n      <th>1 personne<\/th>\n      <th>2 personnes<\/th>\n    <\/tr>\n  <\/thead>\n<tbody>\n<tr>\n<td>Arriv\u00e9e le jeudi 21 ou le vendredi 22 au matin<\/td>\n<td>250 \u20ac<\/td>\n<td>460 \u20ac<\/td>\n<\/tr>\n<tr>\n<td>Arriv\u00e9e le jeudi 21 ou le vendredi 22 au matin<\/td>\n<td>250 \u20ac<\/td>\n<td>460 \u20ac<\/td>\n<\/tr>\n<tr>\n<td>Arriv\u00e9e le vendredi 22 au soir<\/td>\n<td>230 \u20ac<\/td>\n<td>420 \u20ac<\/td>\n<\/tr>\n<tr>\n<td>Arriv\u00e9e le samedi 23 au matin<\/td>\n<td>170 \u20ac<\/td>\n<td>240 \u20ac<\/td>\n<\/tr>\n<\/tbody>\n<\/table>\n\n<p>Les enfants b\u00e9n\u00e9ficient d&rsquo;une r\u00e9duction de 25 % jusqu&rsquo;\u00e0 15 ans inclus.<\/p>\n\n<div class=\"wp-block-cover alignfull is-light\" style=\"min-height:161px;aspect-ratio:unset;\"><span aria-hidden=\"true\" class=\"wp-block-cover__background has-background-dim-100 has-background-dim\" style=\"background-color:#8adc4b\"><\/span><div class=\"wp-block-cover__inner-container is-layout-flow wp-block-cover-is-layout-flow\">\n<div class=\"wp-block-buttons is-horizontal is-content-justification-center is-layout-flex wp-container-core-buttons-is-layout-499968f5 wp-block-buttons-is-layout-flex\">\n<div class=\"wp-block-button is-style-primary\"><a class=\"wp-block-button__link wp-element-button\" href=\"https:\/\/form.jotform.com\/251302469571355\" target=\"_blank\" rel=\"noreferrer noopener\">R\u00e9servez d\u00e8s maintenant votre participation \u00e0 l&rsquo;Ardennen MeetinG 2025 !<\/a><\/div>\n<\/div>\n<\/div><\/div>\n","protected":false},"excerpt":{"rendered":"<p>Qu&rsquo;est-ce qui est inclus dans votre forfait ? Pour une voiture de 2 personnes, le co\u00fbt est de 460 \u20ac pour une arriv\u00e9e le jeudi soir, et de 420 \u20ac pour une arriv\u00e9e le vendredi soir. Le tableau r\u00e9capitulatif se trouve \u00e0 la fin de cette page. Comme toujours, nous voulons maintenir les co\u00fbts aussi&hellip;&nbsp;<a href=\"https:\/\/www.ardennenmeeting.lu\/fr\/cout\/\" rel=\"bookmark\">Lire la suite &raquo;<span class=\"screen-reader-text\">Co\u00fbt<\/span><\/a><\/p>\n","protected":false},"author":1,"featured_media":0,"parent":0,"menu_order":0,"comment_status":"closed","ping_status":"closed","template":"","meta":{"neve_meta_sidebar":"","neve_meta_container":"","neve_meta_enable_content_width":"off","neve_meta_content_width":100,"neve_meta_title_alignment":"","neve_meta_author_avatar":"","neve_post_elements_order":"","neve_meta_disable_header":"on","neve_meta_disable_footer":"","neve_meta_disable_title":"on","ngg_post_thumbnail":0,"footnotes":""},"class_list":["post-1083","page","type-page","status-publish","hentry"],"_links":{"self":[{"href":"https:\/\/www.ardennenmeeting.lu\/fr\/wp-json\/wp\/v2\/pages\/1083","targetHints":{"allow":["GET"]}}],"collection":[{"href":"https:\/\/www.ardennenmeeting.lu\/fr\/wp-json\/wp\/v2\/pages"}],"about":[{"href":"https:\/\/www.ardennenmeeting.lu\/fr\/wp-json\/wp\/v2\/types\/page"}],"author":[{"embeddable":true,"href":"https:\/\/www.ardennenmeeting.lu\/fr\/wp-json\/wp\/v2\/users\/1"}],"replies":[{"embeddable":true,"href":"https:\/\/www.ardennenmeeting.lu\/fr\/wp-json\/wp\/v2\/comments?post=1083"}],"version-history":[{"count":3,"href":"https:\/\/www.ardennenmeeting.lu\/fr\/wp-json\/wp\/v2\/pages\/1083\/revisions"}],"predecessor-version":[{"id":1118,"href":"https:\/\/www.ardennenmeeting.lu\/fr\/wp-json\/wp\/v2\/pages\/1083\/revisions\/1118"}],"wp:attachment":[{"href":"https:\/\/www.ardennenmeeting.lu\/fr\/wp-json\/wp\/v2\/media?parent=1083"}],"curies":[{"name":"wp","href":"https:\/\/api.w.org\/{rel}","templated":true}]}}