{"id":1067,"date":"2023-02-08T22:15:49","date_gmt":"2023-02-08T21:15:49","guid":{"rendered":"https:\/\/www.ardennenmeeting.lu\/hebergement\/"},"modified":"2025-05-18T15:45:31","modified_gmt":"2025-05-18T13:45:31","slug":"hebergement","status":"publish","type":"page","link":"https:\/\/www.ardennenmeeting.lu\/fr\/hebergement\/","title":{"rendered":"H\u00e9bergement"},"content":{"rendered":"\n<div class=\"wp-block-cover alignfull\" style=\"min-height:269px;aspect-ratio:unset;\"><img loading=\"lazy\" decoding=\"async\" width=\"2560\" height=\"1440\" class=\"wp-block-cover__image-background wp-image-41\" alt=\"\" src=\"https:\/\/www.ardennenmeeting.lu\/wp-content\/uploads\/2023\/01\/Viewpoint_Gringlee_Eislek_86\u00a9LFT_AlfonsoSalgueiro-scaled.jpg\" data-object-fit=\"cover\" srcset=\"https:\/\/www.ardennenmeeting.lu\/wp-content\/uploads\/2023\/01\/Viewpoint_Gringlee_Eislek_86\u00a9LFT_AlfonsoSalgueiro-scaled.jpg 2560w, https:\/\/www.ardennenmeeting.lu\/wp-content\/uploads\/2023\/01\/Viewpoint_Gringlee_Eislek_86\u00a9LFT_AlfonsoSalgueiro-300x169.jpg 300w, https:\/\/www.ardennenmeeting.lu\/wp-content\/uploads\/2023\/01\/Viewpoint_Gringlee_Eislek_86\u00a9LFT_AlfonsoSalgueiro-1024x576.jpg 1024w, https:\/\/www.ardennenmeeting.lu\/wp-content\/uploads\/2023\/01\/Viewpoint_Gringlee_Eislek_86\u00a9LFT_AlfonsoSalgueiro-768x432.jpg 768w, https:\/\/www.ardennenmeeting.lu\/wp-content\/uploads\/2023\/01\/Viewpoint_Gringlee_Eislek_86\u00a9LFT_AlfonsoSalgueiro-1536x864.jpg 1536w, https:\/\/www.ardennenmeeting.lu\/wp-content\/uploads\/2023\/01\/Viewpoint_Gringlee_Eislek_86\u00a9LFT_AlfonsoSalgueiro-2048x1152.jpg 2048w\" sizes=\"auto, (max-width: 2560px) 100vw, 2560px\" \/><span aria-hidden=\"true\" class=\"wp-block-cover__background has-background-dim-0 has-background-dim\"><\/span><div class=\"wp-block-cover__inner-container is-layout-flow wp-block-cover-is-layout-flow\">\n<div style=\"height:0px\" aria-hidden=\"true\" class=\"wp-block-spacer\"><\/div>\n\n\n\n<div class=\"wp-block-columns are-vertically-aligned-center is-layout-flex wp-container-core-columns-is-layout-9d6595d7 wp-block-columns-is-layout-flex\">\n<div class=\"wp-block-column is-vertically-aligned-center is-layout-flow wp-block-column-is-layout-flow\"><div class=\"wp-block-image\">\n<figure class=\"alignright size-full is-resized\"><img loading=\"lazy\" decoding=\"async\" width=\"373\" height=\"335\" src=\"https:\/\/www.ardennenmeeting.lu\/wp-content\/uploads\/2025\/02\/amlogo25-website_frontpage-373-335.png\" alt=\"\" class=\"wp-image-819\" style=\"width:175px;height:142px\" srcset=\"https:\/\/www.ardennenmeeting.lu\/wp-content\/uploads\/2025\/02\/amlogo25-website_frontpage-373-335.png 373w, https:\/\/www.ardennenmeeting.lu\/wp-content\/uploads\/2025\/02\/amlogo25-website_frontpage-373-335-300x269.png 300w\" sizes=\"auto, (max-width: 373px) 100vw, 373px\" \/><\/figure>\n<\/div><\/div>\n\n\n\n<div class=\"wp-block-column is-vertically-aligned-center is-layout-flow wp-block-column-is-layout-flow\">\n<h1 style=\"text-align: left\">H\u00e9bergement<\/h1>\n<\/div>\n<\/div>\n\n\n\n<div style=\"height:28px\" aria-hidden=\"true\" class=\"wp-block-spacer\"><\/div>\n<\/div><\/div>\n<nav class=\"has-medium-font-size is-responsive items-justified-center wp-block-navigation is-content-justification-center is-layout-flex wp-container-core-navigation-is-layout-16018d1d wp-block-navigation-is-layout-flex\" aria-label=\"Menu Navigation Nouveau\" \n\t\t data-wp-interactive=\"core\/navigation\" data-wp-context='{\"overlayOpenedBy\":{\"click\":false,\"hover\":false,\"focus\":false},\"type\":\"overlay\",\"roleAttribute\":\"\",\"ariaLabel\":\"Menu\"}'><button aria-haspopup=\"dialog\" aria-label=\"Ouvrir le menu\" class=\"wp-block-navigation__responsive-container-open\" \n\t\t\t\tdata-wp-on--click=\"actions.openMenuOnClick\"\n\t\t\t\tdata-wp-on--keydown=\"actions.handleMenuKeydown\"\n\t\t\t><svg width=\"24\" height=\"24\" xmlns=\"http:\/\/www.w3.org\/2000\/svg\" viewBox=\"0 0 24 24\" aria-hidden=\"true\" focusable=\"false\"><path d=\"M4 7.5h16v1.5H4z\"><\/path><path d=\"M4 15h16v1.5H4z\"><\/path><\/svg><\/button>\n\t\t\t\t<div class=\"wp-block-navigation__responsive-container\"  id=\"modal-1\" \n\t\t\t\tdata-wp-class--has-modal-open=\"state.isMenuOpen\"\n\t\t\t\tdata-wp-class--is-menu-open=\"state.isMenuOpen\"\n\t\t\t\tdata-wp-watch=\"callbacks.initMenu\"\n\t\t\t\tdata-wp-on--keydown=\"actions.handleMenuKeydown\"\n\t\t\t\tdata-wp-on--focusout=\"actions.handleMenuFocusout\"\n\t\t\t\ttabindex=\"-1\"\n\t\t\t>\n\t\t\t\t\t<div class=\"wp-block-navigation__responsive-close\" tabindex=\"-1\">\n\t\t\t\t\t\t<div class=\"wp-block-navigation__responsive-dialog\" \n\t\t\t\tdata-wp-bind--aria-modal=\"state.ariaModal\"\n\t\t\t\tdata-wp-bind--aria-label=\"state.ariaLabel\"\n\t\t\t\tdata-wp-bind--role=\"state.roleAttribute\"\n\t\t\t>\n\t\t\t\t\t\t\t<button aria-label=\"Fermer le menu\" class=\"wp-block-navigation__responsive-container-close\" \n\t\t\t\tdata-wp-on--click=\"actions.closeMenuOnClick\"\n\t\t\t><svg xmlns=\"http:\/\/www.w3.org\/2000\/svg\" viewBox=\"0 0 24 24\" width=\"24\" height=\"24\" aria-hidden=\"true\" focusable=\"false\"><path d=\"m13.06 12 6.47-6.47-1.06-1.06L12 10.94 5.53 4.47 4.47 5.53 10.94 12l-6.47 6.47 1.06 1.06L12 13.06l6.47 6.47 1.06-1.06L13.06 12Z\"><\/path><\/svg><\/button>\n\t\t\t\t\t\t\t<div class=\"wp-block-navigation__responsive-container-content\" \n\t\t\t\tdata-wp-watch=\"callbacks.focusFirstElement\"\n\t\t\t id=\"modal-1-content\">\n\t\t\t\t\t\t\t\t<ul class=\"wp-block-navigation__container has-medium-font-size is-responsive items-justified-center wp-block-navigation has-medium-font-size\"><li class=\"has-medium-font-size wp-block-navigation-item wp-block-navigation-link\"><a class=\"wp-block-navigation-item__content\"  href=\"https:\/\/www.ardennenmeeting.lu\/fr\/\"><span class=\"wp-block-navigation-item__label\">Accueil<\/span><\/a><\/li><li class=\"has-medium-font-size wp-block-navigation-item wp-block-navigation-link\"><a class=\"wp-block-navigation-item__content\"  href=\"#\"><span class=\"wp-block-navigation-item__label\">&#8211;<\/span><\/a><\/li><li class=\"has-medium-font-size wp-block-navigation-item wp-block-navigation-link\"><a class=\"wp-block-navigation-item__content\"  href=\"https:\/\/www.ardennenmeeting.lu\/fr\/programme\/\"><span class=\"wp-block-navigation-item__label\">Programme<\/span><\/a><\/li><li class=\"has-medium-font-size wp-block-navigation-item wp-block-navigation-link\"><a class=\"wp-block-navigation-item__content\"  href=\"#\"><span class=\"wp-block-navigation-item__label\">&#8211;<\/span><\/a><\/li><li class=\"has-medium-font-size wp-block-navigation-item wp-block-navigation-link\"><a class=\"wp-block-navigation-item__content\"  href=\"https:\/\/www.ardennenmeeting.lu\/fr\/hebergement\/\"><span class=\"wp-block-navigation-item__label\">H\u00e9bergement<\/span><\/a><\/li><li class=\"has-medium-font-size wp-block-navigation-item wp-block-navigation-link\"><a class=\"wp-block-navigation-item__content\"  href=\"#\"><span class=\"wp-block-navigation-item__label\">&#8211;<\/span><\/a><\/li><li class=\"has-medium-font-size wp-block-navigation-item wp-block-navigation-link\"><a class=\"wp-block-navigation-item__content\"  href=\"https:\/\/www.ardennenmeeting.lu\/fr\/cout\/\"><span class=\"wp-block-navigation-item__label\">Co\u00fbt<\/span><\/a><\/li><li class=\"has-medium-font-size wp-block-navigation-item wp-block-navigation-link\"><a class=\"wp-block-navigation-item__content\"  href=\"#\"><span class=\"wp-block-navigation-item__label\">&#8211;<\/span><\/a><\/li><li class=\"has-medium-font-size wp-block-navigation-item wp-block-navigation-link\"><a class=\"wp-block-navigation-item__content\"  href=\"https:\/\/form.jotform.com\/251302469571355\" target=\"_blank\"  ><span class=\"wp-block-navigation-item__label\">R\u00e9servez d\u00e8s maintenant !<\/span><\/a><\/li><\/ul>\n\t\t\t\t\t\t\t<\/div>\n\t\t\t\t\t\t<\/div>\n\t\t\t\t\t<\/div>\n\t\t\t\t<\/div><\/nav>\n<div style=\"height:33px\" aria-hidden=\"true\" class=\"wp-block-spacer\"><\/div>\n<h2>Votre h\u00e9bergement pendant la r\u00e9union<\/h2>\n<p>Comme les ann\u00e9es pr\u00e9c\u00e9dentes, nous souhaitons proposer des logements pour tous les types de budget. Cette ann\u00e9e, deux choix s&rsquo;offrent \u00e0 vous :<\/p>\n\n<div class=\"wp-block-columns is-layout-flex wp-container-core-columns-is-layout-9d6595d7 wp-block-columns-is-layout-flex\">\n<div class=\"wp-block-column is-layout-flow wp-block-column-is-layout-flow\" style=\"flex-basis:33.33%\">\n<figure class=\"wp-block-image size-large\"><img loading=\"lazy\" decoding=\"async\" width=\"1024\" height=\"576\" src=\"https:\/\/www.ardennenmeeting.lu\/wp-content\/uploads\/2023\/02\/belair-gevel-zomer-2048x1365-1-edited-1024x576.jpg\" alt=\"\" class=\"wp-image-196\" srcset=\"https:\/\/www.ardennenmeeting.lu\/wp-content\/uploads\/2023\/02\/belair-gevel-zomer-2048x1365-1-edited-1024x576.jpg 1024w, https:\/\/www.ardennenmeeting.lu\/wp-content\/uploads\/2023\/02\/belair-gevel-zomer-2048x1365-1-edited-300x169.jpg 300w, https:\/\/www.ardennenmeeting.lu\/wp-content\/uploads\/2023\/02\/belair-gevel-zomer-2048x1365-1-edited-768x432.jpg 768w, https:\/\/www.ardennenmeeting.lu\/wp-content\/uploads\/2023\/02\/belair-gevel-zomer-2048x1365-1-edited-1536x863.jpg 1536w, https:\/\/www.ardennenmeeting.lu\/wp-content\/uploads\/2023\/02\/belair-gevel-zomer-2048x1365-1-edited.jpg 2048w\" sizes=\"auto, (max-width: 1024px) 100vw, 1024px\" \/><\/figure>\n<\/div>\n\n\n\n<div class=\"wp-block-column is-layout-flow wp-block-column-is-layout-flow\" style=\"flex-basis:66.66%\">\n<p><strong>Cocoon H\u00f4tel Belair ****<\/strong><br \/>Buurschter-Plage<br \/>9164 Bourscheid-Plage<br \/>Email : <a href=\"mailto:belair@cocoonhotels.lu\">belair@cocoonhotels.lu<\/a><br \/>Tel : +352 26 30 35 1<\/p>\n<\/div>\n<\/div>\n\n<div class=\"wp-block-group\"><div class=\"wp-block-group__inner-container is-layout-constrained wp-block-group-is-layout-constrained\">\n<p>C&rsquo;est la base de l&rsquo;Ardennen MeetinG 2025. Nous avons bloqu\u00e9 un certain nombre de chambres, pour r\u00e9server votre h\u00e9bergement au prix indiqu\u00e9, veuillez contacter l&rsquo;h\u00f4tel directement, en mentionnant que vous faites partie de l&rsquo;Ardennen MeetinG 2025.<\/p>\n\n\n\n<p>Les taux sont les suivants :  <\/p>\n\n\n\n<ul class=\"wp-block-list\">\n<li>Chambre sup\u00e9rieure, par personne pour 2 nuits : 194 \u20ac, nuit suppl\u00e9mentaire 97 \u20ac.<\/li>\n\n\n\n<li>Chambres de charme, par personne pour 2 nuits : 164 \u20ac, nuit suppl\u00e9mentaire 82 \u20ac<\/li>\n\n\n\n<li>Suites de chalets (selon disponibilit\u00e9), par personne pour 2 nuits 216 \u20ac, nuit suppl\u00e9mentaire 108 \u20ac.<\/li>\n\n\n\n<li>Les chambres simples sont des chambres Charme, pour un usage unique et 2 nuits : 314 \u20ac, nuit suppl\u00e9mentaire 157 \u20ac.<\/li>\n<\/ul>\n\n\n\n<div style=\"height:40px\" aria-hidden=\"true\" class=\"wp-block-spacer\"><\/div>\n<\/div><\/div>\n\n<div class=\"wp-block-columns is-layout-flex wp-container-core-columns-is-layout-9d6595d7 wp-block-columns-is-layout-flex\">\n<div class=\"wp-block-column is-layout-flow wp-block-column-is-layout-flow\" style=\"flex-basis:33.33%\">\n<figure class=\"wp-block-image size-full\"><img loading=\"lazy\" decoding=\"async\" width=\"970\" height=\"679\" src=\"https:\/\/www.ardennenmeeting.lu\/wp-content\/uploads\/2023\/02\/DSC_6561-landscape.jpg\" alt=\"\" class=\"wp-image-111\" srcset=\"https:\/\/www.ardennenmeeting.lu\/wp-content\/uploads\/2023\/02\/DSC_6561-landscape.jpg 970w, https:\/\/www.ardennenmeeting.lu\/wp-content\/uploads\/2023\/02\/DSC_6561-landscape-300x210.jpg 300w, https:\/\/www.ardennenmeeting.lu\/wp-content\/uploads\/2023\/02\/DSC_6561-landscape-768x538.jpg 768w\" sizes=\"auto, (max-width: 970px) 100vw, 970px\" \/><\/figure>\n<\/div>\n\n\n\n<div class=\"wp-block-column is-vertically-aligned-top is-layout-flow wp-block-column-is-layout-flow\" style=\"flex-basis:66.66%\">\n<p><strong>Camping du Moulin Bourscheid<\/strong><br \/>Camping du Moulin, 1<br \/>L-9164 Bourscheid Moulin<br \/>E-Mail : moulin@camp.lu<br \/>Tel : +352 990 331 (ouvert \u00e0 partir du 1er avril)<br \/><a href=\"https:\/\/booking.camping.care\/de\/camping-du-moulin-de-bourscheid?arrival=2023-08-24&amp;departure=2023-08-27\" data-type=\"URL\" data-id=\"https:\/\/booking.camping.care\/de\/camping-du-moulin-de-bourscheid?arrival=2023-08-24&amp;departure=2023-08-27\" target=\"_blank\" rel=\"noreferrer noopener\">Site de r\u00e9servation &#8211; cliquez ici<\/a><\/p>\n<\/div>\n<\/div>\n\n<p>Le camping \u00ab\u00a0Camping du Moulin\u00a0\u00bb est situ\u00e9 \u00e0 600 m\u00e8tres de l&rsquo;h\u00f4tel, et propose diff\u00e9rents types d&#8217;emplacements, des tentes Safari ou m\u00eame des Mobile Homes.<br \/><br \/><\/p>\n\n<div class=\"wp-block-cover alignfull is-light\" style=\"min-height:161px;aspect-ratio:unset;\"><span aria-hidden=\"true\" class=\"wp-block-cover__background has-background-dim-100 has-background-dim\" style=\"background-color:#8adc4b\"><\/span><div class=\"wp-block-cover__inner-container is-layout-flow wp-block-cover-is-layout-flow\">\n<div class=\"wp-block-buttons is-horizontal is-content-justification-center is-layout-flex wp-container-core-buttons-is-layout-499968f5 wp-block-buttons-is-layout-flex\">\n<div class=\"wp-block-button is-style-primary\"><a class=\"wp-block-button__link wp-element-button\" href=\"https:\/\/form.jotform.com\/251302469571355\" target=\"_blank\" rel=\"noreferrer noopener\">R\u00e9servez d\u00e8s maintenant votre participation \u00e0 l&rsquo;Ardennen MeetinG 2025 !<\/a><\/div>\n<\/div>\n<\/div><\/div>\n","protected":false},"excerpt":{"rendered":"<p>Votre h\u00e9bergement pendant la r\u00e9union Comme les ann\u00e9es pr\u00e9c\u00e9dentes, nous souhaitons proposer des logements pour tous les types de budget. Cette ann\u00e9e, deux choix s&rsquo;offrent \u00e0 vous : Cocoon H\u00f4tel Belair ****Buurschter-Plage9164 Bourscheid-PlageEmail : belair@cocoonhotels.luTel : +352 26 30 35 1 C&rsquo;est la base de l&rsquo;Ardennen MeetinG 2025. Nous avons bloqu\u00e9 un certain nombre de&hellip;&nbsp;<a href=\"https:\/\/www.ardennenmeeting.lu\/fr\/hebergement\/\" rel=\"bookmark\">Lire la suite &raquo;<span class=\"screen-reader-text\">H\u00e9bergement<\/span><\/a><\/p>\n","protected":false},"author":1,"featured_media":0,"parent":0,"menu_order":0,"comment_status":"closed","ping_status":"closed","template":"","meta":{"neve_meta_sidebar":"","neve_meta_container":"","neve_meta_enable_content_width":"off","neve_meta_content_width":100,"neve_meta_title_alignment":"","neve_meta_author_avatar":"","neve_post_elements_order":"","neve_meta_disable_header":"","neve_meta_disable_footer":"","neve_meta_disable_title":"on","ngg_post_thumbnail":0,"footnotes":""},"class_list":["post-1067","page","type-page","status-publish","hentry"],"_links":{"self":[{"href":"https:\/\/www.ardennenmeeting.lu\/fr\/wp-json\/wp\/v2\/pages\/1067","targetHints":{"allow":["GET"]}}],"collection":[{"href":"https:\/\/www.ardennenmeeting.lu\/fr\/wp-json\/wp\/v2\/pages"}],"about":[{"href":"https:\/\/www.ardennenmeeting.lu\/fr\/wp-json\/wp\/v2\/types\/page"}],"author":[{"embeddable":true,"href":"https:\/\/www.ardennenmeeting.lu\/fr\/wp-json\/wp\/v2\/users\/1"}],"replies":[{"embeddable":true,"href":"https:\/\/www.ardennenmeeting.lu\/fr\/wp-json\/wp\/v2\/comments?post=1067"}],"version-history":[{"count":2,"href":"https:\/\/www.ardennenmeeting.lu\/fr\/wp-json\/wp\/v2\/pages\/1067\/revisions"}],"predecessor-version":[{"id":1071,"href":"https:\/\/www.ardennenmeeting.lu\/fr\/wp-json\/wp\/v2\/pages\/1067\/revisions\/1071"}],"wp:attachment":[{"href":"https:\/\/www.ardennenmeeting.lu\/fr\/wp-json\/wp\/v2\/media?parent=1067"}],"curies":[{"name":"wp","href":"https:\/\/api.w.org\/{rel}","templated":true}]}}