{"id":1055,"date":"2023-01-16T18:05:57","date_gmt":"2023-01-16T17:05:57","guid":{"rendered":"https:\/\/www.ardennenmeeting.lu\/programme\/"},"modified":"2025-05-18T15:44:21","modified_gmt":"2025-05-18T13:44:21","slug":"programme","status":"publish","type":"page","link":"https:\/\/www.ardennenmeeting.lu\/fr\/programme\/","title":{"rendered":"Programme"},"content":{"rendered":"\n<div class=\"wp-block-cover alignfull\" style=\"min-height:269px;aspect-ratio:unset;\"><img loading=\"lazy\" decoding=\"async\" width=\"2560\" height=\"1440\" class=\"wp-block-cover__image-background wp-image-41\" alt=\"\" src=\"https:\/\/www.ardennenmeeting.lu\/wp-content\/uploads\/2023\/01\/Viewpoint_Gringlee_Eislek_86\u00a9LFT_AlfonsoSalgueiro-scaled.jpg\" data-object-fit=\"cover\" srcset=\"https:\/\/www.ardennenmeeting.lu\/wp-content\/uploads\/2023\/01\/Viewpoint_Gringlee_Eislek_86\u00a9LFT_AlfonsoSalgueiro-scaled.jpg 2560w, https:\/\/www.ardennenmeeting.lu\/wp-content\/uploads\/2023\/01\/Viewpoint_Gringlee_Eislek_86\u00a9LFT_AlfonsoSalgueiro-300x169.jpg 300w, https:\/\/www.ardennenmeeting.lu\/wp-content\/uploads\/2023\/01\/Viewpoint_Gringlee_Eislek_86\u00a9LFT_AlfonsoSalgueiro-1024x576.jpg 1024w, https:\/\/www.ardennenmeeting.lu\/wp-content\/uploads\/2023\/01\/Viewpoint_Gringlee_Eislek_86\u00a9LFT_AlfonsoSalgueiro-768x432.jpg 768w, https:\/\/www.ardennenmeeting.lu\/wp-content\/uploads\/2023\/01\/Viewpoint_Gringlee_Eislek_86\u00a9LFT_AlfonsoSalgueiro-1536x864.jpg 1536w, https:\/\/www.ardennenmeeting.lu\/wp-content\/uploads\/2023\/01\/Viewpoint_Gringlee_Eislek_86\u00a9LFT_AlfonsoSalgueiro-2048x1152.jpg 2048w\" sizes=\"auto, (max-width: 2560px) 100vw, 2560px\" \/><span aria-hidden=\"true\" class=\"wp-block-cover__background has-background-dim-0 has-background-dim\"><\/span><div class=\"wp-block-cover__inner-container is-layout-flow wp-block-cover-is-layout-flow\">\n<div style=\"height:0px\" aria-hidden=\"true\" class=\"wp-block-spacer\"><\/div>\n\n\n\n<div class=\"wp-block-columns are-vertically-aligned-center is-layout-flex wp-container-core-columns-is-layout-9d6595d7 wp-block-columns-is-layout-flex\">\n<div class=\"wp-block-column is-vertically-aligned-center is-layout-flow wp-block-column-is-layout-flow\"><div class=\"wp-block-image\">\n<figure class=\"alignright size-full is-resized\"><img loading=\"lazy\" decoding=\"async\" width=\"373\" height=\"335\" src=\"https:\/\/www.ardennenmeeting.lu\/wp-content\/uploads\/2025\/02\/amlogo25-website_frontpage-373-335.png\" alt=\"\" class=\"wp-image-819\" style=\"width:157px;height:auto\" srcset=\"https:\/\/www.ardennenmeeting.lu\/wp-content\/uploads\/2025\/02\/amlogo25-website_frontpage-373-335.png 373w, https:\/\/www.ardennenmeeting.lu\/wp-content\/uploads\/2025\/02\/amlogo25-website_frontpage-373-335-300x269.png 300w\" sizes=\"auto, (max-width: 373px) 100vw, 373px\" \/><\/figure>\n<\/div><\/div>\n\n\n\n<div class=\"wp-block-column is-vertically-aligned-center is-layout-flow wp-block-column-is-layout-flow\">\n<h1 style=\"text-align: left\">Programme<\/h1>\n<\/div>\n<\/div>\n\n\n\n<div style=\"height:28px\" aria-hidden=\"true\" class=\"wp-block-spacer\"><\/div>\n<\/div><\/div>\n<nav class=\"has-medium-font-size is-responsive items-justified-center wp-block-navigation is-content-justification-center is-layout-flex wp-container-core-navigation-is-layout-16018d1d wp-block-navigation-is-layout-flex\" aria-label=\"Menu Navigation Nouveau\" \n\t\t data-wp-interactive=\"core\/navigation\" data-wp-context='{\"overlayOpenedBy\":{\"click\":false,\"hover\":false,\"focus\":false},\"type\":\"overlay\",\"roleAttribute\":\"\",\"ariaLabel\":\"Menu\"}'><button aria-haspopup=\"dialog\" aria-label=\"Ouvrir le menu\" class=\"wp-block-navigation__responsive-container-open\" \n\t\t\t\tdata-wp-on--click=\"actions.openMenuOnClick\"\n\t\t\t\tdata-wp-on--keydown=\"actions.handleMenuKeydown\"\n\t\t\t><svg width=\"24\" height=\"24\" xmlns=\"http:\/\/www.w3.org\/2000\/svg\" viewBox=\"0 0 24 24\" aria-hidden=\"true\" focusable=\"false\"><path d=\"M4 7.5h16v1.5H4z\"><\/path><path d=\"M4 15h16v1.5H4z\"><\/path><\/svg><\/button>\n\t\t\t\t<div class=\"wp-block-navigation__responsive-container\"  id=\"modal-1\" \n\t\t\t\tdata-wp-class--has-modal-open=\"state.isMenuOpen\"\n\t\t\t\tdata-wp-class--is-menu-open=\"state.isMenuOpen\"\n\t\t\t\tdata-wp-watch=\"callbacks.initMenu\"\n\t\t\t\tdata-wp-on--keydown=\"actions.handleMenuKeydown\"\n\t\t\t\tdata-wp-on--focusout=\"actions.handleMenuFocusout\"\n\t\t\t\ttabindex=\"-1\"\n\t\t\t>\n\t\t\t\t\t<div class=\"wp-block-navigation__responsive-close\" tabindex=\"-1\">\n\t\t\t\t\t\t<div class=\"wp-block-navigation__responsive-dialog\" \n\t\t\t\tdata-wp-bind--aria-modal=\"state.ariaModal\"\n\t\t\t\tdata-wp-bind--aria-label=\"state.ariaLabel\"\n\t\t\t\tdata-wp-bind--role=\"state.roleAttribute\"\n\t\t\t>\n\t\t\t\t\t\t\t<button aria-label=\"Fermer le menu\" class=\"wp-block-navigation__responsive-container-close\" \n\t\t\t\tdata-wp-on--click=\"actions.closeMenuOnClick\"\n\t\t\t><svg xmlns=\"http:\/\/www.w3.org\/2000\/svg\" viewBox=\"0 0 24 24\" width=\"24\" height=\"24\" aria-hidden=\"true\" focusable=\"false\"><path d=\"m13.06 12 6.47-6.47-1.06-1.06L12 10.94 5.53 4.47 4.47 5.53 10.94 12l-6.47 6.47 1.06 1.06L12 13.06l6.47 6.47 1.06-1.06L13.06 12Z\"><\/path><\/svg><\/button>\n\t\t\t\t\t\t\t<div class=\"wp-block-navigation__responsive-container-content\" \n\t\t\t\tdata-wp-watch=\"callbacks.focusFirstElement\"\n\t\t\t id=\"modal-1-content\">\n\t\t\t\t\t\t\t\t<ul class=\"wp-block-navigation__container has-medium-font-size is-responsive items-justified-center wp-block-navigation has-medium-font-size\"><li class=\"has-medium-font-size wp-block-navigation-item wp-block-navigation-link\"><a class=\"wp-block-navigation-item__content\"  href=\"https:\/\/www.ardennenmeeting.lu\/fr\/\"><span class=\"wp-block-navigation-item__label\">Accueil<\/span><\/a><\/li><li class=\"has-medium-font-size wp-block-navigation-item wp-block-navigation-link\"><a class=\"wp-block-navigation-item__content\"  href=\"#\"><span class=\"wp-block-navigation-item__label\">&#8211;<\/span><\/a><\/li><li class=\"has-medium-font-size wp-block-navigation-item wp-block-navigation-link\"><a class=\"wp-block-navigation-item__content\"  href=\"https:\/\/www.ardennenmeeting.lu\/fr\/programme\/\"><span class=\"wp-block-navigation-item__label\">Programme<\/span><\/a><\/li><li class=\"has-medium-font-size wp-block-navigation-item wp-block-navigation-link\"><a class=\"wp-block-navigation-item__content\"  href=\"#\"><span class=\"wp-block-navigation-item__label\">&#8211;<\/span><\/a><\/li><li class=\"has-medium-font-size wp-block-navigation-item wp-block-navigation-link\"><a class=\"wp-block-navigation-item__content\"  href=\"https:\/\/www.ardennenmeeting.lu\/fr\/hebergement\/\"><span class=\"wp-block-navigation-item__label\">H\u00e9bergement<\/span><\/a><\/li><li class=\"has-medium-font-size wp-block-navigation-item wp-block-navigation-link\"><a class=\"wp-block-navigation-item__content\"  href=\"#\"><span class=\"wp-block-navigation-item__label\">&#8211;<\/span><\/a><\/li><li class=\"has-medium-font-size wp-block-navigation-item wp-block-navigation-link\"><a class=\"wp-block-navigation-item__content\"  href=\"https:\/\/www.ardennenmeeting.lu\/fr\/cout\/\"><span class=\"wp-block-navigation-item__label\">Co\u00fbt<\/span><\/a><\/li><li class=\"has-medium-font-size wp-block-navigation-item wp-block-navigation-link\"><a class=\"wp-block-navigation-item__content\"  href=\"#\"><span class=\"wp-block-navigation-item__label\">&#8211;<\/span><\/a><\/li><li class=\"has-medium-font-size wp-block-navigation-item wp-block-navigation-link\"><a class=\"wp-block-navigation-item__content\"  href=\"https:\/\/form.jotform.com\/251302469571355\" target=\"_blank\"  ><span class=\"wp-block-navigation-item__label\">R\u00e9servez d\u00e8s maintenant !<\/span><\/a><\/li><\/ul>\n\t\t\t\t\t\t\t<\/div>\n\t\t\t\t\t\t<\/div>\n\t\t\t\t\t<\/div>\n\t\t\t\t<\/div><\/nav>\n<div style=\"height:33px\" aria-hidden=\"true\" class=\"wp-block-spacer\"><\/div>\n<h2>Programme<\/h2>\n<p>Notre \u00e9v\u00e9nement d\u00e9butera le <strong>jeudi 21 ao\u00fbt 2025 \u00e0 partir de 16h00<\/strong> sur la terrasse du \u00ab\u00a0Cocoon Hotel Belair\u00a0\u00bb \u00e0 Bourscheid-Plage.<\/p>\n<p>Pour ceux qui arrivent <strong>le vendredi<\/strong><strong>, vous nous trouverez \u00e0 partir de 17h00<\/strong> sur la m\u00eame terrasse. Voici ce que nous avons pr\u00e9vu pour vous : <\/p>\n\n<table width=\"80%\" border=\"1\">\n  <tbody>\n    <tr>\n      <td colspan=\"2\"><h4>Jeudi 21 ao\u00fbt<\/h4><\/td>\n    <\/tr>\n     <tr>\n      <td width=\"20%\">\u00e0 partir de 16h00<\/td>\n      <td width=\"80%\">Bienvenue sur la terrasse du \u00ab\u00a0Cocoon Hotel Belair\u00a0\u00bb.<\/td>\n    <\/tr>\n   <tr>\n      <td colspan=\"2\">Votre d\u00eener peut \u00eatre command\u00e9 le jour m\u00eame \u00e0 l&rsquo;h\u00f4tel, mais n&rsquo;est pas inclus dans le prix de base.<\/td>\n    <\/tr> \n   \n<\/tbody>\n<\/table>\n<table width=\"80%\" border=\"1\">\n  <tbody>\n\n      <td colspan=\"2\"><h4>Vendredi 22 ao\u00fbt<\/h4><\/td>\n    \n   \n    <tr>\n     <td width=\"20%\">\u00e0 partir de 9h15<\/td>\n     <td width=\"80%\">D\u00e9part pour le premier jour de nos circuits. Nous avons pr\u00e9vu une journ\u00e9e enti\u00e8re de visite pour d\u00e9couvrir le pays, avec quelques recommandations de visites en cours de route, et quelques concours et jeux en chemin.   \n<\/td>\n    <\/tr>\n    <tr>\n      <td width=\"20%\">11 h 30 &#8211; 14 h 00<\/td>\n      <td width=\"80%\">Un d\u00e9jeuner l\u00e9ger est servi \u00e0 Heinerscheid.<\/td>\n    <\/tr>\n    <tr>\n      <td width=\"20%\">vers 17h00<\/td>\n      <td width=\"80%\">Retour \u00e0 Bourscheid<\/td>\n    <\/tr>\n    <tr>\n      <td width=\"20%\">\u00e0 partir de 17h00<\/td>\n      <td width=\"80%\">Accueil des participants au week-end sur la terrasse du Cocoon Hotel Belair<\/td>\n    <\/tr>\n    <tr>\n      <td width=\"20%\">7:00pm<\/td>\n      <td width=\"80%\">Ap\u00e9ritif \u00e0 l&rsquo;h\u00f4tel, suivi du d\u00eener \u00e0 20 heures.<\/td>\n    <\/tr>\n<\/tbody>\n<\/table>\n<table width=\"80%\" border=\"1\">\n  <tbody>\n    <tr>\n      <td colspan=\"2=\"><h4>Samedi 23 ao\u00fbt<\/h4><\/td>\n    <\/tr>\n    <tr>\n      <td width=\"20%\">\u00e0 partir de 9h15<\/td>\n      <td width=\"80%\">D\u00e9part pour le deuxi\u00e8me jour de visite. <\/td> \n     <\/tr>\n    <tr>\n      <td width=\"20%\">11:00 &#8211; 14:30<\/td>\n      <td width=\"80%\">Arriv\u00e9e \u00e0 Nospelt, principalement connue pour la f\u00eate folklorique annuelle \u00ab\u00a0Emaischen\u00a0\u00bb le lundi de P\u00e2ques, mais aussi historiquement pour l&rsquo;industrie de la poterie luxembourgeoise. Un d\u00e9jeuner l\u00e9ger est \u00e9galement servi \u00e0 Nospelt.   <\/td>\n     <\/tr>\n    <tr>\n      <td width=\"20%\">vers 17h00<\/td>\n      <td width=\"80%\">Retour \u00e0 Bourscheid<\/td>\n    <\/tr>\n    <tr>\n      <td width=\"20%\">19:00 heures<\/td>\n      <td width=\"80%\">Ap\u00e9ritif \u00e0 l&rsquo;h\u00f4tel, suivi du d\u00eener \u00e0 20h00<\/td>\n    <\/tr>\n\n<\/tbody>\n<\/table>\n<table width=\"80%\" border=\"1\">\n  <tbody>\n\n      <td colspan=\"2\"><h4>Dimanche 24 ao\u00fbt<\/h4><\/td>\n    \n    <tr>\n      <td width=\"20%\">9h30<\/td>\n      <td width=\"80%\">Brunch, au cours duquel nous nous retrouverons une derni\u00e8re fois \u00e0 l&rsquo;h\u00f4tel. Si le temps le permet, nous pr\u00e9voyons quelques activit\u00e9s devant l&rsquo;h\u00f4tel. <\/td>\n    <\/tr>\n<\/tbody>\n<\/table>\n\n<p><\/p>\n\n<p>Des modifications de ce programme sont toujours possibles, m\u00eame pendant l&rsquo;\u00e9v\u00e9nement.<\/p>\n\n<div class=\"wp-block-cover alignfull is-light\" style=\"min-height:161px;aspect-ratio:unset;\"><span aria-hidden=\"true\" class=\"wp-block-cover__background has-background-dim-100 has-background-dim\" style=\"background-color:#8adc4b\"><\/span><div class=\"wp-block-cover__inner-container is-layout-flow wp-block-cover-is-layout-flow\">\n<div class=\"wp-block-buttons is-horizontal is-content-justification-center is-layout-flex wp-container-core-buttons-is-layout-499968f5 wp-block-buttons-is-layout-flex\">\n<div class=\"wp-block-button is-style-primary\"><a class=\"wp-block-button__link wp-element-button\" href=\"https:\/\/form.jotform.com\/251302469571355\" target=\"_blank\" rel=\"noreferrer noopener\">R\u00e9servez d\u00e8s maintenant votre participation \u00e0 l&rsquo;Ardennen MeetinG 2025 !<\/a><\/div>\n<\/div>\n<\/div><\/div>\n","protected":false},"excerpt":{"rendered":"<p>Programme Notre \u00e9v\u00e9nement d\u00e9butera le jeudi 21 ao\u00fbt 2025 \u00e0 partir de 16h00 sur la terrasse du \u00ab\u00a0Cocoon Hotel Belair\u00a0\u00bb \u00e0 Bourscheid-Plage. Pour ceux qui arrivent le vendredi, vous nous trouverez \u00e0 partir de 17h00 sur la m\u00eame terrasse. Voici ce que nous avons pr\u00e9vu pour vous : Jeudi 21 ao\u00fbt \u00e0 partir de 16h00&hellip;&nbsp;<a href=\"https:\/\/www.ardennenmeeting.lu\/fr\/programme\/\" rel=\"bookmark\">Lire la suite &raquo;<span class=\"screen-reader-text\">Programme<\/span><\/a><\/p>\n","protected":false},"author":1,"featured_media":0,"parent":0,"menu_order":0,"comment_status":"closed","ping_status":"closed","template":"","meta":{"neve_meta_sidebar":"","neve_meta_container":"","neve_meta_enable_content_width":"on","neve_meta_content_width":100,"neve_meta_title_alignment":"","neve_meta_author_avatar":"","neve_post_elements_order":"","neve_meta_disable_header":"off","neve_meta_disable_footer":"","neve_meta_disable_title":"on","ngg_post_thumbnail":0,"footnotes":""},"class_list":["post-1055","page","type-page","status-publish","hentry"],"_links":{"self":[{"href":"https:\/\/www.ardennenmeeting.lu\/fr\/wp-json\/wp\/v2\/pages\/1055","targetHints":{"allow":["GET"]}}],"collection":[{"href":"https:\/\/www.ardennenmeeting.lu\/fr\/wp-json\/wp\/v2\/pages"}],"about":[{"href":"https:\/\/www.ardennenmeeting.lu\/fr\/wp-json\/wp\/v2\/types\/page"}],"author":[{"embeddable":true,"href":"https:\/\/www.ardennenmeeting.lu\/fr\/wp-json\/wp\/v2\/users\/1"}],"replies":[{"embeddable":true,"href":"https:\/\/www.ardennenmeeting.lu\/fr\/wp-json\/wp\/v2\/comments?post=1055"}],"version-history":[{"count":2,"href":"https:\/\/www.ardennenmeeting.lu\/fr\/wp-json\/wp\/v2\/pages\/1055\/revisions"}],"predecessor-version":[{"id":1057,"href":"https:\/\/www.ardennenmeeting.lu\/fr\/wp-json\/wp\/v2\/pages\/1055\/revisions\/1057"}],"wp:attachment":[{"href":"https:\/\/www.ardennenmeeting.lu\/fr\/wp-json\/wp\/v2\/media?parent=1055"}],"curies":[{"name":"wp","href":"https:\/\/api.w.org\/{rel}","templated":true}]}}