{"id":834,"date":"2023-01-15T15:08:46","date_gmt":"2023-01-15T14:08:46","guid":{"rendered":"https:\/\/www.ardennenmeeting.lu\/startseite\/"},"modified":"2025-05-18T16:03:26","modified_gmt":"2025-05-18T14:03:26","slug":"startseite","status":"publish","type":"page","link":"https:\/\/www.ardennenmeeting.lu\/de\/","title":{"rendered":"Startseite"},"content":{"rendered":"\n<div class=\"wp-block-cover alignfull\" style=\"min-height:511px;aspect-ratio:unset;\"><img loading=\"lazy\" decoding=\"async\" width=\"2560\" height=\"1440\" class=\"wp-block-cover__image-background wp-image-41\" alt=\"\" src=\"https:\/\/www.ardennenmeeting.lu\/wp-content\/uploads\/2023\/01\/Viewpoint_Gringlee_Eislek_86\u00a9LFT_AlfonsoSalgueiro-scaled.jpg\" data-object-fit=\"cover\" srcset=\"https:\/\/www.ardennenmeeting.lu\/wp-content\/uploads\/2023\/01\/Viewpoint_Gringlee_Eislek_86\u00a9LFT_AlfonsoSalgueiro-scaled.jpg 2560w, https:\/\/www.ardennenmeeting.lu\/wp-content\/uploads\/2023\/01\/Viewpoint_Gringlee_Eislek_86\u00a9LFT_AlfonsoSalgueiro-300x169.jpg 300w, https:\/\/www.ardennenmeeting.lu\/wp-content\/uploads\/2023\/01\/Viewpoint_Gringlee_Eislek_86\u00a9LFT_AlfonsoSalgueiro-1024x576.jpg 1024w, https:\/\/www.ardennenmeeting.lu\/wp-content\/uploads\/2023\/01\/Viewpoint_Gringlee_Eislek_86\u00a9LFT_AlfonsoSalgueiro-768x432.jpg 768w, https:\/\/www.ardennenmeeting.lu\/wp-content\/uploads\/2023\/01\/Viewpoint_Gringlee_Eislek_86\u00a9LFT_AlfonsoSalgueiro-1536x864.jpg 1536w, https:\/\/www.ardennenmeeting.lu\/wp-content\/uploads\/2023\/01\/Viewpoint_Gringlee_Eislek_86\u00a9LFT_AlfonsoSalgueiro-2048x1152.jpg 2048w\" sizes=\"auto, (max-width: 2560px) 100vw, 2560px\" \/><span aria-hidden=\"true\" class=\"wp-block-cover__background has-background-dim-0 has-background-dim\"><\/span><div class=\"wp-block-cover__inner-container is-layout-flow wp-block-cover-is-layout-flow\">\n<div style=\"height:0px\" aria-hidden=\"true\" class=\"wp-block-spacer\"><\/div>\n\n\n\n<div class=\"wp-block-columns is-layout-flex wp-container-core-columns-is-layout-9d6595d7 wp-block-columns-is-layout-flex\">\n<div class=\"wp-block-column is-layout-flow wp-block-column-is-layout-flow\"><div class=\"wp-block-image\">\n<figure class=\"alignright size-full is-resized\"><img loading=\"lazy\" decoding=\"async\" width=\"373\" height=\"335\" src=\"https:\/\/www.ardennenmeeting.lu\/wp-content\/uploads\/2025\/02\/amlogo25-website_frontpage-373-335.png\" alt=\"\" class=\"wp-image-819\" style=\"width:412px;height:335px\" srcset=\"https:\/\/www.ardennenmeeting.lu\/wp-content\/uploads\/2025\/02\/amlogo25-website_frontpage-373-335.png 373w, https:\/\/www.ardennenmeeting.lu\/wp-content\/uploads\/2025\/02\/amlogo25-website_frontpage-373-335-300x269.png 300w\" sizes=\"auto, (max-width: 373px) 100vw, 373px\" \/><\/figure>\n<\/div><\/div>\n\n\n\n<div class=\"wp-block-column is-vertically-aligned-center is-layout-flow wp-block-column-is-layout-flow\">\n<h1 style=\"text-align: center;\">Ardennen-MeetinG 2025<\/h1>\n<h3 style=\"text-align: center;\">22 &#8211; 24 August 2025<br>Bourscheid-Plage<\/h3>\n<\/div>\n<\/div>\n\n\n\n<div style=\"height:28px\" aria-hidden=\"true\" class=\"wp-block-spacer\"><\/div>\n<\/div><\/div>\n\n<div class=\"wp-block-columns is-layout-flex wp-container-core-columns-is-layout-9d6595d7 wp-block-columns-is-layout-flex\">\n<div class=\"wp-block-column has-medium-font-size is-layout-flow wp-block-column-is-layout-flow\" style=\"flex-basis:100%\"><nav class=\"is-responsive items-justified-center wp-block-navigation is-horizontal is-content-justification-center is-layout-flex wp-container-core-navigation-is-layout-499968f5 wp-block-navigation-is-layout-flex\" aria-label=\"Men\u00fc Navigation Neu\" \n\t\t data-wp-interactive=\"core\/navigation\" data-wp-context='{\"overlayOpenedBy\":{\"click\":false,\"hover\":false,\"focus\":false},\"type\":\"overlay\",\"roleAttribute\":\"\",\"ariaLabel\":\"Men\\u00fc\"}'><button aria-haspopup=\"dialog\" aria-label=\"Men\u00fc \u00f6ffnen\" class=\"wp-block-navigation__responsive-container-open\" \n\t\t\t\tdata-wp-on--click=\"actions.openMenuOnClick\"\n\t\t\t\tdata-wp-on--keydown=\"actions.handleMenuKeydown\"\n\t\t\t><svg width=\"24\" height=\"24\" xmlns=\"http:\/\/www.w3.org\/2000\/svg\" viewBox=\"0 0 24 24\" aria-hidden=\"true\" focusable=\"false\"><path d=\"M4 7.5h16v1.5H4z\"><\/path><path d=\"M4 15h16v1.5H4z\"><\/path><\/svg><\/button>\n\t\t\t\t<div class=\"wp-block-navigation__responsive-container\"  id=\"modal-1\" \n\t\t\t\tdata-wp-class--has-modal-open=\"state.isMenuOpen\"\n\t\t\t\tdata-wp-class--is-menu-open=\"state.isMenuOpen\"\n\t\t\t\tdata-wp-watch=\"callbacks.initMenu\"\n\t\t\t\tdata-wp-on--keydown=\"actions.handleMenuKeydown\"\n\t\t\t\tdata-wp-on--focusout=\"actions.handleMenuFocusout\"\n\t\t\t\ttabindex=\"-1\"\n\t\t\t>\n\t\t\t\t\t<div class=\"wp-block-navigation__responsive-close\" tabindex=\"-1\">\n\t\t\t\t\t\t<div class=\"wp-block-navigation__responsive-dialog\" \n\t\t\t\tdata-wp-bind--aria-modal=\"state.ariaModal\"\n\t\t\t\tdata-wp-bind--aria-label=\"state.ariaLabel\"\n\t\t\t\tdata-wp-bind--role=\"state.roleAttribute\"\n\t\t\t>\n\t\t\t\t\t\t\t<button aria-label=\"Men\u00fc schlie\u00dfen\" class=\"wp-block-navigation__responsive-container-close\" \n\t\t\t\tdata-wp-on--click=\"actions.closeMenuOnClick\"\n\t\t\t><svg xmlns=\"http:\/\/www.w3.org\/2000\/svg\" viewBox=\"0 0 24 24\" width=\"24\" height=\"24\" aria-hidden=\"true\" focusable=\"false\"><path d=\"m13.06 12 6.47-6.47-1.06-1.06L12 10.94 5.53 4.47 4.47 5.53 10.94 12l-6.47 6.47 1.06 1.06L12 13.06l6.47 6.47 1.06-1.06L13.06 12Z\"><\/path><\/svg><\/button>\n\t\t\t\t\t\t\t<div class=\"wp-block-navigation__responsive-container-content\" \n\t\t\t\tdata-wp-watch=\"callbacks.focusFirstElement\"\n\t\t\t id=\"modal-1-content\">\n\t\t\t\t\t\t\t\t<ul class=\"wp-block-navigation__container is-responsive items-justified-center wp-block-navigation\"><li class=\" wp-block-navigation-item wp-block-navigation-link\"><a class=\"wp-block-navigation-item__content\"  href=\"https:\/\/www.ardennenmeeting.lu\/de\/\"><span class=\"wp-block-navigation-item__label\">Startseite<\/span><\/a><\/li><li class=\" wp-block-navigation-item wp-block-navigation-link\"><a class=\"wp-block-navigation-item__content\"  href=\"#\"><span class=\"wp-block-navigation-item__label\">&#8211;<\/span><\/a><\/li><li class=\" wp-block-navigation-item wp-block-navigation-link\"><a class=\"wp-block-navigation-item__content\"  href=\"https:\/\/www.ardennenmeeting.lu\/de\/zeitplan\/\"><span class=\"wp-block-navigation-item__label\">Zeitplan<\/span><\/a><\/li><li class=\" wp-block-navigation-item wp-block-navigation-link\"><a class=\"wp-block-navigation-item__content\"  href=\"#\"><span class=\"wp-block-navigation-item__label\">&#8211;<\/span><\/a><\/li><li class=\" wp-block-navigation-item wp-block-navigation-link\"><a class=\"wp-block-navigation-item__content\"  href=\"https:\/\/www.ardennenmeeting.lu\/de\/unterkunft\/\"><span class=\"wp-block-navigation-item__label\">Unterkunft<\/span><\/a><\/li><li class=\" wp-block-navigation-item wp-block-navigation-link\"><a class=\"wp-block-navigation-item__content\"  href=\"#\"><span class=\"wp-block-navigation-item__label\">&#8211;<\/span><\/a><\/li><li class=\" wp-block-navigation-item wp-block-navigation-link\"><a class=\"wp-block-navigation-item__content\"  href=\"https:\/\/www.ardennenmeeting.lu\/de\/kosten\/\"><span class=\"wp-block-navigation-item__label\">Kosten<\/span><\/a><\/li><li class=\" wp-block-navigation-item wp-block-navigation-link\"><a class=\"wp-block-navigation-item__content\"  href=\"#\"><span class=\"wp-block-navigation-item__label\">&#8211;<\/span><\/a><\/li><li class=\" wp-block-navigation-item wp-block-navigation-link\"><a class=\"wp-block-navigation-item__content\"  href=\"https:\/\/form.jotform.com\/251302469571355\" target=\"_blank\"  ><span class=\"wp-block-navigation-item__label\">Jetzt buchen!<\/span><\/a><\/li><\/ul>\n\t\t\t\t\t\t\t<\/div>\n\t\t\t\t\t\t<\/div>\n\t\t\t\t\t<\/div>\n\t\t\t\t<\/div><\/nav><\/div>\n<\/div>\n<p>Liebe Freunde des Ardennen-MeetinGs,<\/p>\n<p>Nach dem European Event 2024 veranstalten wir auch dieses Jahr wieder ein Ardennen-MeetinG &#8211; etwas kleiner, aber nicht weniger attraktiv!<\/p>\n<p>Wie schon 2023 werden wir auch dieses Jahr wieder unser Lager in Bourscheid-Plage aufschlagen. Wir sparen uns einen neuen Standort f\u00fcr 2027, wenn wir unser 70-j\u00e4hriges Bestehen feiern werden!<\/p>\n<p>Unsere Veranstaltung beginnt am Donnerstagabend, dem 21. August, so dass unsere erste Fahrt am Freitag, dem 22. August, stattfinden wird. Nat\u00fcrlich ist es auch m\u00f6glich, bereits am Freitagabend anzureisen, denn wir haben uns die Highlights wie immer f\u00fcr den Samstag aufgehoben. Es wird eine Mischung aus sch\u00f6nen Fahrten und ein paar Spielen geben. Weitere Einzelheiten finden Sie unter dem Link &#8218;Programm&#8216;.<\/p>\n<p>Die Anmeldung und die Kosten f\u00fcr das Treffen finden Sie unter dem Link &#8218;Kosten&#8216;. Bitte beachten Sie, dass <strong>die Unterbringung NICHT im Preis<\/strong> f\u00fcr das Treffen <strong>enthalten ist<\/strong>. F\u00fcr weitere Informationen klicken Sie bitte auf den Link &#8218;Unterkunft&#8216;.<\/p>\n<p>Und nun viel Spa\u00df beim Entdecken des Ereignisses!<\/p>\n<p>Das Organisationsteam des Ardennen-MeetinGs<\/p>\n\n<div class=\"wp-block-cover alignfull\" style=\"min-height:600px;aspect-ratio:unset;\"><span aria-hidden=\"true\" class=\"wp-block-cover__background has-nv-light-bg-background-color has-background-dim-100 has-background-dim\"><\/span><div class=\"wp-block-cover__inner-container is-layout-flow wp-block-cover-is-layout-flow\">\n<div class=\"wp-block-group\"><div class=\"wp-block-group__inner-container is-layout-flow wp-block-group-is-layout-flow\">\n<div class=\"wp-block-columns are-vertically-aligned-center is-layout-flex wp-container-core-columns-is-layout-9d6595d7 wp-block-columns-is-layout-flex\">\n<div class=\"wp-block-column is-vertically-aligned-center is-layout-flow wp-block-column-is-layout-flow\" style=\"flex-basis:50%\">\n<figure class=\"wp-block-image size-large\"><img loading=\"lazy\" decoding=\"async\" width=\"1024\" height=\"682\" src=\"https:\/\/www.ardennenmeeting.lu\/wp-content\/uploads\/2025\/02\/Untereisenbach-Staumauer-1024x682.jpg\" alt=\"\" class=\"wp-image-826\" srcset=\"https:\/\/www.ardennenmeeting.lu\/wp-content\/uploads\/2025\/02\/Untereisenbach-Staumauer-1024x682.jpg 1024w, https:\/\/www.ardennenmeeting.lu\/wp-content\/uploads\/2025\/02\/Untereisenbach-Staumauer-300x200.jpg 300w, https:\/\/www.ardennenmeeting.lu\/wp-content\/uploads\/2025\/02\/Untereisenbach-Staumauer-768x511.jpg 768w, https:\/\/www.ardennenmeeting.lu\/wp-content\/uploads\/2025\/02\/Untereisenbach-Staumauer-930x620.jpg 930w, https:\/\/www.ardennenmeeting.lu\/wp-content\/uploads\/2025\/02\/Untereisenbach-Staumauer.jpg 1440w\" sizes=\"auto, (max-width: 1024px) 100vw, 1024px\" \/><\/figure>\n<\/div>\n\n\n\n<div class=\"wp-block-column is-vertically-aligned-center is-layout-flow wp-block-column-is-layout-flow\" style=\"flex-basis:50%\">\n<div style=\"height:20px\" aria-hidden=\"true\" class=\"wp-block-spacer\"><\/div>\n\n\n\n<h2 class=\"wp-block-heading has-text-align-left has-neve-text-color-color has-text-color\">Das Programm der Veranstaltung<\/h2>\n\n\n\n<p class=\"has-text-align-left has-neve-text-color-color has-text-color\" style=\"font-size:17px\">Sie k\u00f6nnen entweder am Donnerstag- oder Freitagabend oder am Samstagmorgen anreisen. Klicken Sie hier, um zu entdecken, was wir f\u00fcr Sie vorbereitet haben!<\/p>\n\n\n\n<div class=\"wp-block-buttons is-horizontal is-content-justification-left is-layout-flex wp-container-core-buttons-is-layout-7e5fce0a wp-block-buttons-is-layout-flex\">\n<div class=\"wp-block-button is-style-primary\"><a class=\"wp-block-button__link wp-element-button\" href=\"https:\/\/www.ardennenmeeting.lu\/de\/zeitplan\/\">Entdecken Sie unser Veranstaltungsprogramm<\/a><\/div>\n<\/div>\n<\/div>\n<\/div>\n\n\n\n<div style=\"height:40px\" aria-hidden=\"true\" class=\"wp-block-spacer\"><\/div>\n<\/div><\/div>\n<\/div><\/div>\n\n<div class=\"wp-block-cover alignfull\" style=\"min-height:600px;aspect-ratio:unset;\"><span aria-hidden=\"true\" class=\"wp-block-cover__background has-nv-site-bg-background-color has-background-dim-100 has-background-dim\"><\/span><div class=\"wp-block-cover__inner-container is-layout-flow wp-block-cover-is-layout-flow\">\n<div class=\"wp-block-group\"><div class=\"wp-block-group__inner-container is-layout-flow wp-block-group-is-layout-flow\">\n<div class=\"wp-block-columns are-vertically-aligned-center is-layout-flex wp-container-core-columns-is-layout-9d6595d7 wp-block-columns-is-layout-flex\">\n<div class=\"wp-block-column is-vertically-aligned-center is-layout-flow wp-block-column-is-layout-flow\" style=\"flex-basis:50%\">\n<h2 class=\"wp-block-heading has-text-align-left has-neve-text-color-color has-text-color\">Die Unterbringung<\/h2>\n\n\n\n<p class=\"has-text-align-left has-neve-text-color-color has-text-color\" style=\"font-size:17px\">Wie in den vergangenen Jahren lassen wir Sie entscheiden, wo Sie \u00fcbernachten m\u00f6chten &#8211; preiswert auf dem nahegelegenen Campingplatz oder mit ein wenig Komfort im Hotel unseres Basislagers. Sie haben die Wahl!<\/p>\n\n\n\n<div class=\"wp-block-buttons is-horizontal is-content-justification-left is-layout-flex wp-container-core-buttons-is-layout-7e5fce0a wp-block-buttons-is-layout-flex\">\n<div class=\"wp-block-button is-style-primary\"><a class=\"wp-block-button__link wp-element-button\" href=\"https:\/\/www.ardennenmeeting.lu\/de\/unterkunft\/\">Erfahren Sie mehr \u00fcber die Unterbringung<\/a><\/div>\n<\/div>\n\n\n\n<div style=\"height:40px\" aria-hidden=\"true\" class=\"wp-block-spacer\"><\/div>\n<\/div>\n\n\n\n<div class=\"wp-block-column is-vertically-aligned-center is-layout-flow wp-block-column-is-layout-flow\" style=\"flex-basis:50%\">\n<figure class=\"wp-block-image size-full\"><img loading=\"lazy\" decoding=\"async\" width=\"905\" height=\"679\" src=\"https:\/\/www.ardennenmeeting.lu\/wp-content\/uploads\/2023\/02\/DSC_6561-landscape-edited.jpg\" alt=\"\" class=\"wp-image-113\" srcset=\"https:\/\/www.ardennenmeeting.lu\/wp-content\/uploads\/2023\/02\/DSC_6561-landscape-edited.jpg 905w, https:\/\/www.ardennenmeeting.lu\/wp-content\/uploads\/2023\/02\/DSC_6561-landscape-edited-300x225.jpg 300w, https:\/\/www.ardennenmeeting.lu\/wp-content\/uploads\/2023\/02\/DSC_6561-landscape-edited-768x576.jpg 768w\" sizes=\"auto, (max-width: 905px) 100vw, 905px\" \/><\/figure>\n<\/div>\n<\/div>\n<\/div><\/div>\n<\/div><\/div>\n\n<div class=\"wp-block-cover alignfull is-light\" style=\"min-height:161px;aspect-ratio:unset;\"><span aria-hidden=\"true\" class=\"wp-block-cover__background has-background-dim-100 has-background-dim\" style=\"background-color:#8adc4b\"><\/span><div class=\"wp-block-cover__inner-container is-layout-flow wp-block-cover-is-layout-flow\">\n<div class=\"wp-block-buttons is-horizontal is-content-justification-center is-layout-flex wp-container-core-buttons-is-layout-499968f5 wp-block-buttons-is-layout-flex\">\n<div class=\"wp-block-button is-style-primary\"><a class=\"wp-block-button__link wp-element-button\" href=\"https:\/\/form.jotform.com\/251302469571355\" target=\"_blank\" rel=\"noreferrer noopener\">Buchen Sie JETZT Ihre Teilnahme am Ardennen MeetinG 2025!<\/a><\/div>\n<\/div>\n<\/div><\/div>\n","protected":false},"excerpt":{"rendered":"<p>Liebe Freunde des Ardennen-MeetinGs, Nach dem European Event 2024 veranstalten wir auch dieses Jahr wieder ein Ardennen-MeetinG &#8211; etwas kleiner, aber nicht weniger attraktiv! Wie schon 2023 werden wir auch dieses Jahr wieder unser Lager in Bourscheid-Plage aufschlagen. Wir sparen uns einen neuen Standort f\u00fcr 2027, wenn wir unser 70-j\u00e4hriges Bestehen feiern werden! Unsere Veranstaltung&hellip;&nbsp;<a href=\"https:\/\/www.ardennenmeeting.lu\/de\/\" rel=\"bookmark\">Weiterlesen &raquo;<span class=\"screen-reader-text\">Startseite<\/span><\/a><\/p>\n","protected":false},"author":1,"featured_media":0,"parent":0,"menu_order":0,"comment_status":"closed","ping_status":"closed","template":"","meta":{"neve_meta_sidebar":"default","neve_meta_container":"","neve_meta_enable_content_width":"on","neve_meta_content_width":100,"neve_meta_title_alignment":"","neve_meta_author_avatar":"","neve_post_elements_order":"","neve_meta_disable_header":"","neve_meta_disable_footer":"","neve_meta_disable_title":"on","ngg_post_thumbnail":0,"footnotes":""},"class_list":["post-834","page","type-page","status-publish","hentry"],"_links":{"self":[{"href":"https:\/\/www.ardennenmeeting.lu\/de\/wp-json\/wp\/v2\/pages\/834","targetHints":{"allow":["GET"]}}],"collection":[{"href":"https:\/\/www.ardennenmeeting.lu\/de\/wp-json\/wp\/v2\/pages"}],"about":[{"href":"https:\/\/www.ardennenmeeting.lu\/de\/wp-json\/wp\/v2\/types\/page"}],"author":[{"embeddable":true,"href":"https:\/\/www.ardennenmeeting.lu\/de\/wp-json\/wp\/v2\/users\/1"}],"replies":[{"embeddable":true,"href":"https:\/\/www.ardennenmeeting.lu\/de\/wp-json\/wp\/v2\/comments?post=834"}],"version-history":[{"count":20,"href":"https:\/\/www.ardennenmeeting.lu\/de\/wp-json\/wp\/v2\/pages\/834\/revisions"}],"predecessor-version":[{"id":1111,"href":"https:\/\/www.ardennenmeeting.lu\/de\/wp-json\/wp\/v2\/pages\/834\/revisions\/1111"}],"wp:attachment":[{"href":"https:\/\/www.ardennenmeeting.lu\/de\/wp-json\/wp\/v2\/media?parent=834"}],"curies":[{"name":"wp","href":"https:\/\/api.w.org\/{rel}","templated":true}]}}