{"id":1085,"date":"2023-02-26T18:11:55","date_gmt":"2023-02-26T17:11:55","guid":{"rendered":"https:\/\/www.ardennenmeeting.lu\/kosten\/"},"modified":"2025-05-18T16:08:32","modified_gmt":"2025-05-18T14:08:32","slug":"kosten","status":"publish","type":"page","link":"https:\/\/www.ardennenmeeting.lu\/de\/kosten\/","title":{"rendered":"Kosten"},"content":{"rendered":"\n<div class=\"wp-block-cover alignfull\" style=\"min-height:269px;aspect-ratio:unset;\"><img loading=\"lazy\" decoding=\"async\" width=\"2560\" height=\"1440\" class=\"wp-block-cover__image-background wp-image-41\" alt=\"\" src=\"https:\/\/www.ardennenmeeting.lu\/wp-content\/uploads\/2023\/01\/Viewpoint_Gringlee_Eislek_86\u00a9LFT_AlfonsoSalgueiro-scaled.jpg\" data-object-fit=\"cover\" srcset=\"https:\/\/www.ardennenmeeting.lu\/wp-content\/uploads\/2023\/01\/Viewpoint_Gringlee_Eislek_86\u00a9LFT_AlfonsoSalgueiro-scaled.jpg 2560w, https:\/\/www.ardennenmeeting.lu\/wp-content\/uploads\/2023\/01\/Viewpoint_Gringlee_Eislek_86\u00a9LFT_AlfonsoSalgueiro-300x169.jpg 300w, https:\/\/www.ardennenmeeting.lu\/wp-content\/uploads\/2023\/01\/Viewpoint_Gringlee_Eislek_86\u00a9LFT_AlfonsoSalgueiro-1024x576.jpg 1024w, https:\/\/www.ardennenmeeting.lu\/wp-content\/uploads\/2023\/01\/Viewpoint_Gringlee_Eislek_86\u00a9LFT_AlfonsoSalgueiro-768x432.jpg 768w, https:\/\/www.ardennenmeeting.lu\/wp-content\/uploads\/2023\/01\/Viewpoint_Gringlee_Eislek_86\u00a9LFT_AlfonsoSalgueiro-1536x864.jpg 1536w, https:\/\/www.ardennenmeeting.lu\/wp-content\/uploads\/2023\/01\/Viewpoint_Gringlee_Eislek_86\u00a9LFT_AlfonsoSalgueiro-2048x1152.jpg 2048w\" sizes=\"auto, (max-width: 2560px) 100vw, 2560px\" \/><span aria-hidden=\"true\" class=\"wp-block-cover__background has-background-dim-0 has-background-dim\"><\/span><div class=\"wp-block-cover__inner-container is-layout-flow wp-block-cover-is-layout-flow\">\n<div style=\"height:0px\" aria-hidden=\"true\" class=\"wp-block-spacer\"><\/div>\n\n\n\n<div class=\"wp-block-columns are-vertically-aligned-center is-layout-flex wp-container-core-columns-is-layout-9d6595d7 wp-block-columns-is-layout-flex\">\n<div class=\"wp-block-column is-vertically-aligned-center is-layout-flow wp-block-column-is-layout-flow\"><div class=\"wp-block-image\">\n<figure class=\"alignright size-full is-resized\"><img loading=\"lazy\" decoding=\"async\" width=\"700\" height=\"569\" src=\"https:\/\/www.ardennenmeeting.lu\/wp-content\/uploads\/2023\/01\/ardennen_23_logo.png\" alt=\"\" class=\"wp-image-42\" style=\"width:175px;height:142px\" srcset=\"https:\/\/www.ardennenmeeting.lu\/wp-content\/uploads\/2023\/01\/ardennen_23_logo.png 700w, https:\/\/www.ardennenmeeting.lu\/wp-content\/uploads\/2023\/01\/ardennen_23_logo-300x244.png 300w\" sizes=\"auto, (max-width: 700px) 100vw, 700px\" \/><\/figure>\n<\/div><\/div>\n\n\n\n<div class=\"wp-block-column is-vertically-aligned-center is-layout-flow wp-block-column-is-layout-flow\">\n<h1 style=\"text-align: left;\">Kosten des MeetinGs<\/h1>\n<\/div>\n<\/div>\n\n\n\n<div style=\"height:28px\" aria-hidden=\"true\" class=\"wp-block-spacer\"><\/div>\n<\/div><\/div>\n<nav class=\"has-medium-font-size is-responsive items-justified-center wp-block-navigation is-content-justification-center is-layout-flex wp-container-core-navigation-is-layout-16018d1d wp-block-navigation-is-layout-flex\" aria-label=\"Men\u00fc Navigation Neu\" \n\t\t data-wp-interactive=\"core\/navigation\" data-wp-context='{\"overlayOpenedBy\":{\"click\":false,\"hover\":false,\"focus\":false},\"type\":\"overlay\",\"roleAttribute\":\"\",\"ariaLabel\":\"Men\\u00fc\"}'><button aria-haspopup=\"dialog\" aria-label=\"Men\u00fc \u00f6ffnen\" class=\"wp-block-navigation__responsive-container-open\" \n\t\t\t\tdata-wp-on--click=\"actions.openMenuOnClick\"\n\t\t\t\tdata-wp-on--keydown=\"actions.handleMenuKeydown\"\n\t\t\t><svg width=\"24\" height=\"24\" xmlns=\"http:\/\/www.w3.org\/2000\/svg\" viewBox=\"0 0 24 24\" aria-hidden=\"true\" focusable=\"false\"><path d=\"M4 7.5h16v1.5H4z\"><\/path><path d=\"M4 15h16v1.5H4z\"><\/path><\/svg><\/button>\n\t\t\t\t<div class=\"wp-block-navigation__responsive-container\"  id=\"modal-1\" \n\t\t\t\tdata-wp-class--has-modal-open=\"state.isMenuOpen\"\n\t\t\t\tdata-wp-class--is-menu-open=\"state.isMenuOpen\"\n\t\t\t\tdata-wp-watch=\"callbacks.initMenu\"\n\t\t\t\tdata-wp-on--keydown=\"actions.handleMenuKeydown\"\n\t\t\t\tdata-wp-on--focusout=\"actions.handleMenuFocusout\"\n\t\t\t\ttabindex=\"-1\"\n\t\t\t>\n\t\t\t\t\t<div class=\"wp-block-navigation__responsive-close\" tabindex=\"-1\">\n\t\t\t\t\t\t<div class=\"wp-block-navigation__responsive-dialog\" \n\t\t\t\tdata-wp-bind--aria-modal=\"state.ariaModal\"\n\t\t\t\tdata-wp-bind--aria-label=\"state.ariaLabel\"\n\t\t\t\tdata-wp-bind--role=\"state.roleAttribute\"\n\t\t\t>\n\t\t\t\t\t\t\t<button aria-label=\"Men\u00fc schlie\u00dfen\" class=\"wp-block-navigation__responsive-container-close\" \n\t\t\t\tdata-wp-on--click=\"actions.closeMenuOnClick\"\n\t\t\t><svg xmlns=\"http:\/\/www.w3.org\/2000\/svg\" viewBox=\"0 0 24 24\" width=\"24\" height=\"24\" aria-hidden=\"true\" focusable=\"false\"><path d=\"m13.06 12 6.47-6.47-1.06-1.06L12 10.94 5.53 4.47 4.47 5.53 10.94 12l-6.47 6.47 1.06 1.06L12 13.06l6.47 6.47 1.06-1.06L13.06 12Z\"><\/path><\/svg><\/button>\n\t\t\t\t\t\t\t<div class=\"wp-block-navigation__responsive-container-content\" \n\t\t\t\tdata-wp-watch=\"callbacks.focusFirstElement\"\n\t\t\t id=\"modal-1-content\">\n\t\t\t\t\t\t\t\t<ul class=\"wp-block-navigation__container has-medium-font-size is-responsive items-justified-center wp-block-navigation has-medium-font-size\"><li class=\"has-medium-font-size wp-block-navigation-item wp-block-navigation-link\"><a class=\"wp-block-navigation-item__content\"  href=\"https:\/\/www.ardennenmeeting.lu\/de\/\"><span class=\"wp-block-navigation-item__label\">Startseite<\/span><\/a><\/li><li class=\"has-medium-font-size wp-block-navigation-item wp-block-navigation-link\"><a class=\"wp-block-navigation-item__content\"  href=\"#\"><span class=\"wp-block-navigation-item__label\">&#8211;<\/span><\/a><\/li><li class=\"has-medium-font-size wp-block-navigation-item wp-block-navigation-link\"><a class=\"wp-block-navigation-item__content\"  href=\"https:\/\/www.ardennenmeeting.lu\/de\/zeitplan\/\"><span class=\"wp-block-navigation-item__label\">Zeitplan<\/span><\/a><\/li><li class=\"has-medium-font-size wp-block-navigation-item wp-block-navigation-link\"><a class=\"wp-block-navigation-item__content\"  href=\"#\"><span class=\"wp-block-navigation-item__label\">&#8211;<\/span><\/a><\/li><li class=\"has-medium-font-size wp-block-navigation-item wp-block-navigation-link\"><a class=\"wp-block-navigation-item__content\"  href=\"https:\/\/www.ardennenmeeting.lu\/de\/unterkunft\/\"><span class=\"wp-block-navigation-item__label\">Unterkunft<\/span><\/a><\/li><li class=\"has-medium-font-size wp-block-navigation-item wp-block-navigation-link\"><a class=\"wp-block-navigation-item__content\"  href=\"#\"><span class=\"wp-block-navigation-item__label\">&#8211;<\/span><\/a><\/li><li class=\"has-medium-font-size wp-block-navigation-item wp-block-navigation-link\"><a class=\"wp-block-navigation-item__content\"  href=\"https:\/\/www.ardennenmeeting.lu\/de\/kosten\/\"><span class=\"wp-block-navigation-item__label\">Kosten<\/span><\/a><\/li><li class=\"has-medium-font-size wp-block-navigation-item wp-block-navigation-link\"><a class=\"wp-block-navigation-item__content\"  href=\"#\"><span class=\"wp-block-navigation-item__label\">&#8211;<\/span><\/a><\/li><li class=\"has-medium-font-size wp-block-navigation-item wp-block-navigation-link\"><a class=\"wp-block-navigation-item__content\"  href=\"https:\/\/form.jotform.com\/251302469571355\" target=\"_blank\"  ><span class=\"wp-block-navigation-item__label\">Jetzt buchen!<\/span><\/a><\/li><\/ul>\n\t\t\t\t\t\t\t<\/div>\n\t\t\t\t\t\t<\/div>\n\t\t\t\t\t<\/div>\n\t\t\t\t<\/div><\/nav><h2>Was ist in Ihrem Paket enthalten?<\/h2>\n<p><strong>Ein Auto f\u00fcr 2 Personen kostet 460 \u20ac bei einer Ankunft am Donnerstagabend und 420 \u20ac bei einer Ankunft am Freitagabend. Die \u00dcbersichtstabelle finden Sie am Ende dieser Seite.<\/strong><\/p>\n<p>Wie immer m\u00f6chten wir die Kosten so niedrig und so transparent wie m\u00f6glich halten. Hier finden Sie eine \u00dcbersicht \u00fcber den Inhalt Ihres Pakets:&nbsp;<\/p>\n<h5>Grundgeb\u00fchr<\/h5>\n<p>Die Grundgeb\u00fchr beinhaltet alles, was f\u00fcr die Durchf\u00fchrung des Treffens notwendig ist, sowie Ihre Grundausstattung. Das reicht von Ihrem Rallyeschild \u00fcber die Goodie-Bag, die wir verteilen wollen, die Preise f\u00fcr unsere Gewinner bis hin zu den Kopien der Roadbooks und anderem ben\u00f6tigten Material.&nbsp;<\/p>\n<h5>Abendessen am Donnerstagabend<\/h5>\n<p>Da die Mahlzeiten f\u00fcr alle gleich sind, m\u00f6chten wir Ihnen die Wahl lassen, ob Sie etwas essen m\u00f6chten und was Sie essen m\u00f6chten. Das Abendessen am Donnerstag ist daher NICHT inbegriffen und kann<em>&#8222;\u00e0 la carte<\/em>&#8220; gebucht werden.<\/p>\n<h5>Freitag (Fr\u00fchst\u00fcck, die Tour, Mittagessen und Abendessen)<\/h5>\n<p>Das Fr\u00fchst\u00fcck ist f\u00fcr diejenigen, die das Hotel gebucht haben, im Hotelpreis inbegriffen &#8211; wer m\u00f6chte, kann es f\u00fcr <strong>21 \u20ac pro Person<\/strong> separat buchen, dann wird ein komplettes Fr\u00fchst\u00fccksbuffet serviert.<\/p>\n<p>W\u00e4hrend der Tour am Freitag werden wir in Heinerscheid eine Pause einlegen und ein leichtes Mittagessen einnehmen. An diesem Tag wird es keine spezielle Besichtigung geben, aber wir geben Ihnen eine Liste mit Sehensw\u00fcrdigkeiten entlang der Route. Inbegriffen ist das Mittagessen + 1 Getr\u00e4nk vor Ort.<\/p>\n<p>Vor dem Abendessen am Freitagabend werden wir gemeinsam einen Aperitif einnehmen. Zum Abendessen wird ein Drei-G\u00e4nge-Men\u00fc serviert. Auch hier gibt es eine Auswahl f\u00fcr Vegetarier und Veganer.<\/p>\n<h5>Samstag (wieder Fr\u00fchst\u00fcck, die Tour, Mittagessen und Abendessen)<\/h5>\n<p>Das Gleiche gilt f\u00fcr das Fr\u00fchst\u00fcck &#8211; f\u00fcr G\u00e4ste des Hotels inbegriffen, f\u00fcr G\u00e4ste von au\u00dferhalb zus\u00e4tzlich buchbar.&nbsp;<br \/>Unser Mittagessen wird im Nospelt stattfinden. Dieses kleine Dorf ist bekannt f\u00fcr das &#8222;Emaischen&#8220;, einen traditionellen Ostermarkt und ein Volksfest, das besonders f\u00fcr seine &#8222;P\u00e9ckvillercher&#8220; &#8211; kleine vogelf\u00f6rmige Tonpfeifen &#8211; bekannt ist. Diese Trillerpfeifen sind ein Markenzeichen des Festivals und bei Kindern und Sammlern sehr beliebt. Nospelt war in der Vergangenheit auch das Zentrum der luxemburgischen T\u00f6pferindustrie. Sie werden erfahren, wie diese kleinen V\u00f6gel hergestellt werden, einige von Ihnen werden die M\u00f6glichkeit haben, selbst einen zu kreieren, und Sie werden alle ein einzigartiges MG P\u00e9ckvillchen als Geschenk erhalten!<\/p>\n<p>Unser Abendessen am Samstag wird dann ein reichhaltiges Barbecue sein, mit einer gro\u00dfen Auswahl an Salaten und verschiedenen Fleischsorten (Optionen f\u00fcr Veganer und Vegetarier sind nat\u00fcrlich vorhanden).  <br \/>2 Getr\u00e4nke wie Wein, Softdrinks oder Bier sind im Preis inbegriffen.<\/p>\n<h5>Sonntag (Fr\u00fchst\u00fcck, Tour und Mittagessen)<\/h5>\n<p>Den Abschluss der Veranstaltung bilden wir mit einem Brunch am Sonntagmorgen. Wenn das Wetter es zul\u00e4sst, werden auch einige Aktivit\u00e4ten au\u00dferhalb des Hotels angeboten. Nach dem Brunch geht es weiter mit den Preisverleihungen und Verabschiedungen.&nbsp;<\/p>\n<h5>Gesamtkosten<\/h5>\n<p>Hier finden Sie eine \u00dcbersichtstabelle \u00fcber die Kosten der Veranstaltung. Kinder bis einschlie\u00dflich 15 Jahre erhalten einen Rabatt von 25 % auf die Kosten pro Person.<\/p>\n\n<table border=\"1\" width=\"60%\">\n  <thead>\n    <tr>\n      <th>Ankunftstag<\/th>\n      <th>1 Person<\/th>\n      <th>2 Personen<\/th>\n    <\/tr>\n  <\/thead>\n<tbody>\n<tr>\n<td>Ankunft am Donnerstag 21 oder Freitag 22 Uhr morgens<\/td>\n<td>250 \u20ac<\/td>\n<td>460 \u20ac<\/td>\n<\/tr>\n<tr>\n<td>Ankunft am Donnerstag 21 oder Freitag 22 Uhr morgens<\/td>\n<td>250 \u20ac<\/td>\n<td>460 \u20ac<\/td>\n<\/tr>\n<tr>\n<td>Ankunft am Freitag 22 Uhr abends<\/td>\n<td>230 \u20ac<\/td>\n<td>420 \u20ac<\/td>\n<\/tr>\n<tr>\n<td>Ankunft am Samstag 23 Uhr morgens<\/td>\n<td>170 \u20ac<\/td>\n<td>240 \u20ac<\/td>\n<\/tr>\n<\/tbody>\n<\/table>\n\n<p>Kinder erhalten eine Erm\u00e4\u00dfigung von 25% bis einschlie\u00dflich 15 Jahre.<\/p>\n\n<div class=\"wp-block-cover alignfull is-light\" style=\"min-height:161px;aspect-ratio:unset;\"><span aria-hidden=\"true\" class=\"wp-block-cover__background has-background-dim-100 has-background-dim\" style=\"background-color:#8adc4b\"><\/span><div class=\"wp-block-cover__inner-container is-layout-flow wp-block-cover-is-layout-flow\">\n<div class=\"wp-block-buttons is-horizontal is-content-justification-center is-layout-flex wp-container-core-buttons-is-layout-499968f5 wp-block-buttons-is-layout-flex\">\n<div class=\"wp-block-button is-style-primary\"><a class=\"wp-block-button__link wp-element-button\" href=\"https:\/\/form.jotform.com\/251302469571355\" target=\"_blank\" rel=\"noreferrer noopener\">Buchen Sie JETZT Ihre Teilnahme am Ardennen MeetinG 2025!<\/a><\/div>\n<\/div>\n<\/div><\/div>\n","protected":false},"excerpt":{"rendered":"<p>Was ist in Ihrem Paket enthalten? Ein Auto f\u00fcr 2 Personen kostet 460 \u20ac bei einer Ankunft am Donnerstagabend und 420 \u20ac bei einer Ankunft am Freitagabend. Die \u00dcbersichtstabelle finden Sie am Ende dieser Seite. Wie immer m\u00f6chten wir die Kosten so niedrig und so transparent wie m\u00f6glich halten. Hier finden Sie eine \u00dcbersicht \u00fcber&hellip;&nbsp;<a href=\"https:\/\/www.ardennenmeeting.lu\/de\/kosten\/\" rel=\"bookmark\">Weiterlesen &raquo;<span class=\"screen-reader-text\">Kosten<\/span><\/a><\/p>\n","protected":false},"author":1,"featured_media":0,"parent":0,"menu_order":0,"comment_status":"closed","ping_status":"closed","template":"","meta":{"neve_meta_sidebar":"","neve_meta_container":"","neve_meta_enable_content_width":"off","neve_meta_content_width":100,"neve_meta_title_alignment":"","neve_meta_author_avatar":"","neve_post_elements_order":"","neve_meta_disable_header":"on","neve_meta_disable_footer":"","neve_meta_disable_title":"on","ngg_post_thumbnail":0,"footnotes":""},"class_list":["post-1085","page","type-page","status-publish","hentry"],"_links":{"self":[{"href":"https:\/\/www.ardennenmeeting.lu\/de\/wp-json\/wp\/v2\/pages\/1085","targetHints":{"allow":["GET"]}}],"collection":[{"href":"https:\/\/www.ardennenmeeting.lu\/de\/wp-json\/wp\/v2\/pages"}],"about":[{"href":"https:\/\/www.ardennenmeeting.lu\/de\/wp-json\/wp\/v2\/types\/page"}],"author":[{"embeddable":true,"href":"https:\/\/www.ardennenmeeting.lu\/de\/wp-json\/wp\/v2\/users\/1"}],"replies":[{"embeddable":true,"href":"https:\/\/www.ardennenmeeting.lu\/de\/wp-json\/wp\/v2\/comments?post=1085"}],"version-history":[{"count":3,"href":"https:\/\/www.ardennenmeeting.lu\/de\/wp-json\/wp\/v2\/pages\/1085\/revisions"}],"predecessor-version":[{"id":1120,"href":"https:\/\/www.ardennenmeeting.lu\/de\/wp-json\/wp\/v2\/pages\/1085\/revisions\/1120"}],"wp:attachment":[{"href":"https:\/\/www.ardennenmeeting.lu\/de\/wp-json\/wp\/v2\/media?parent=1085"}],"curies":[{"name":"wp","href":"https:\/\/api.w.org\/{rel}","templated":true}]}}