{"id":1051,"date":"2023-01-16T18:05:57","date_gmt":"2023-01-16T17:05:57","guid":{"rendered":"https:\/\/www.ardennenmeeting.lu\/zeitplan\/"},"modified":"2025-05-18T15:43:30","modified_gmt":"2025-05-18T13:43:30","slug":"zeitplan","status":"publish","type":"page","link":"https:\/\/www.ardennenmeeting.lu\/de\/zeitplan\/","title":{"rendered":"Zeitplan"},"content":{"rendered":"\n<div class=\"wp-block-cover alignfull\" style=\"min-height:269px;aspect-ratio:unset;\"><img loading=\"lazy\" decoding=\"async\" width=\"2560\" height=\"1440\" class=\"wp-block-cover__image-background wp-image-41\" alt=\"\" src=\"https:\/\/www.ardennenmeeting.lu\/wp-content\/uploads\/2023\/01\/Viewpoint_Gringlee_Eislek_86\u00a9LFT_AlfonsoSalgueiro-scaled.jpg\" data-object-fit=\"cover\" srcset=\"https:\/\/www.ardennenmeeting.lu\/wp-content\/uploads\/2023\/01\/Viewpoint_Gringlee_Eislek_86\u00a9LFT_AlfonsoSalgueiro-scaled.jpg 2560w, https:\/\/www.ardennenmeeting.lu\/wp-content\/uploads\/2023\/01\/Viewpoint_Gringlee_Eislek_86\u00a9LFT_AlfonsoSalgueiro-300x169.jpg 300w, https:\/\/www.ardennenmeeting.lu\/wp-content\/uploads\/2023\/01\/Viewpoint_Gringlee_Eislek_86\u00a9LFT_AlfonsoSalgueiro-1024x576.jpg 1024w, https:\/\/www.ardennenmeeting.lu\/wp-content\/uploads\/2023\/01\/Viewpoint_Gringlee_Eislek_86\u00a9LFT_AlfonsoSalgueiro-768x432.jpg 768w, https:\/\/www.ardennenmeeting.lu\/wp-content\/uploads\/2023\/01\/Viewpoint_Gringlee_Eislek_86\u00a9LFT_AlfonsoSalgueiro-1536x864.jpg 1536w, https:\/\/www.ardennenmeeting.lu\/wp-content\/uploads\/2023\/01\/Viewpoint_Gringlee_Eislek_86\u00a9LFT_AlfonsoSalgueiro-2048x1152.jpg 2048w\" sizes=\"auto, (max-width: 2560px) 100vw, 2560px\" \/><span aria-hidden=\"true\" class=\"wp-block-cover__background has-background-dim-0 has-background-dim\"><\/span><div class=\"wp-block-cover__inner-container is-layout-flow wp-block-cover-is-layout-flow\">\n<div style=\"height:0px\" aria-hidden=\"true\" class=\"wp-block-spacer\"><\/div>\n\n\n\n<div class=\"wp-block-columns are-vertically-aligned-center is-layout-flex wp-container-core-columns-is-layout-9d6595d7 wp-block-columns-is-layout-flex\">\n<div class=\"wp-block-column is-vertically-aligned-center is-layout-flow wp-block-column-is-layout-flow\"><div class=\"wp-block-image\">\n<figure class=\"alignright size-full is-resized\"><img loading=\"lazy\" decoding=\"async\" width=\"373\" height=\"335\" src=\"https:\/\/www.ardennenmeeting.lu\/wp-content\/uploads\/2025\/02\/amlogo25-website_frontpage-373-335.png\" alt=\"\" class=\"wp-image-819\" style=\"width:157px;height:auto\" srcset=\"https:\/\/www.ardennenmeeting.lu\/wp-content\/uploads\/2025\/02\/amlogo25-website_frontpage-373-335.png 373w, https:\/\/www.ardennenmeeting.lu\/wp-content\/uploads\/2025\/02\/amlogo25-website_frontpage-373-335-300x269.png 300w\" sizes=\"auto, (max-width: 373px) 100vw, 373px\" \/><\/figure>\n<\/div><\/div>\n\n\n\n<div class=\"wp-block-column is-vertically-aligned-center is-layout-flow wp-block-column-is-layout-flow\">\n<h1 style=\"text-align: left\">Zeitplan<\/h1>\n<\/div>\n<\/div>\n\n\n\n<div style=\"height:28px\" aria-hidden=\"true\" class=\"wp-block-spacer\"><\/div>\n<\/div><\/div>\n<nav class=\"has-medium-font-size is-responsive items-justified-center wp-block-navigation is-content-justification-center is-layout-flex wp-container-core-navigation-is-layout-16018d1d wp-block-navigation-is-layout-flex\" aria-label=\"Men\u00fc Navigation Neu\" \n\t\t data-wp-interactive=\"core\/navigation\" data-wp-context='{\"overlayOpenedBy\":{\"click\":false,\"hover\":false,\"focus\":false},\"type\":\"overlay\",\"roleAttribute\":\"\",\"ariaLabel\":\"Men\\u00fc\"}'><button aria-haspopup=\"dialog\" aria-label=\"Men\u00fc \u00f6ffnen\" class=\"wp-block-navigation__responsive-container-open\" \n\t\t\t\tdata-wp-on--click=\"actions.openMenuOnClick\"\n\t\t\t\tdata-wp-on--keydown=\"actions.handleMenuKeydown\"\n\t\t\t><svg width=\"24\" height=\"24\" xmlns=\"http:\/\/www.w3.org\/2000\/svg\" viewBox=\"0 0 24 24\" aria-hidden=\"true\" focusable=\"false\"><path d=\"M4 7.5h16v1.5H4z\"><\/path><path d=\"M4 15h16v1.5H4z\"><\/path><\/svg><\/button>\n\t\t\t\t<div class=\"wp-block-navigation__responsive-container\"  id=\"modal-1\" \n\t\t\t\tdata-wp-class--has-modal-open=\"state.isMenuOpen\"\n\t\t\t\tdata-wp-class--is-menu-open=\"state.isMenuOpen\"\n\t\t\t\tdata-wp-watch=\"callbacks.initMenu\"\n\t\t\t\tdata-wp-on--keydown=\"actions.handleMenuKeydown\"\n\t\t\t\tdata-wp-on--focusout=\"actions.handleMenuFocusout\"\n\t\t\t\ttabindex=\"-1\"\n\t\t\t>\n\t\t\t\t\t<div class=\"wp-block-navigation__responsive-close\" tabindex=\"-1\">\n\t\t\t\t\t\t<div class=\"wp-block-navigation__responsive-dialog\" \n\t\t\t\tdata-wp-bind--aria-modal=\"state.ariaModal\"\n\t\t\t\tdata-wp-bind--aria-label=\"state.ariaLabel\"\n\t\t\t\tdata-wp-bind--role=\"state.roleAttribute\"\n\t\t\t>\n\t\t\t\t\t\t\t<button aria-label=\"Men\u00fc schlie\u00dfen\" class=\"wp-block-navigation__responsive-container-close\" \n\t\t\t\tdata-wp-on--click=\"actions.closeMenuOnClick\"\n\t\t\t><svg xmlns=\"http:\/\/www.w3.org\/2000\/svg\" viewBox=\"0 0 24 24\" width=\"24\" height=\"24\" aria-hidden=\"true\" focusable=\"false\"><path d=\"m13.06 12 6.47-6.47-1.06-1.06L12 10.94 5.53 4.47 4.47 5.53 10.94 12l-6.47 6.47 1.06 1.06L12 13.06l6.47 6.47 1.06-1.06L13.06 12Z\"><\/path><\/svg><\/button>\n\t\t\t\t\t\t\t<div class=\"wp-block-navigation__responsive-container-content\" \n\t\t\t\tdata-wp-watch=\"callbacks.focusFirstElement\"\n\t\t\t id=\"modal-1-content\">\n\t\t\t\t\t\t\t\t<ul class=\"wp-block-navigation__container has-medium-font-size is-responsive items-justified-center wp-block-navigation has-medium-font-size\"><li class=\"has-medium-font-size wp-block-navigation-item wp-block-navigation-link\"><a class=\"wp-block-navigation-item__content\"  href=\"https:\/\/www.ardennenmeeting.lu\/de\/\"><span class=\"wp-block-navigation-item__label\">Startseite<\/span><\/a><\/li><li class=\"has-medium-font-size wp-block-navigation-item wp-block-navigation-link\"><a class=\"wp-block-navigation-item__content\"  href=\"#\"><span class=\"wp-block-navigation-item__label\">&#8211;<\/span><\/a><\/li><li class=\"has-medium-font-size wp-block-navigation-item wp-block-navigation-link\"><a class=\"wp-block-navigation-item__content\"  href=\"https:\/\/www.ardennenmeeting.lu\/de\/zeitplan\/\"><span class=\"wp-block-navigation-item__label\">Zeitplan<\/span><\/a><\/li><li class=\"has-medium-font-size wp-block-navigation-item wp-block-navigation-link\"><a class=\"wp-block-navigation-item__content\"  href=\"#\"><span class=\"wp-block-navigation-item__label\">&#8211;<\/span><\/a><\/li><li class=\"has-medium-font-size wp-block-navigation-item wp-block-navigation-link\"><a class=\"wp-block-navigation-item__content\"  href=\"https:\/\/www.ardennenmeeting.lu\/de\/unterkunft\/\"><span class=\"wp-block-navigation-item__label\">Unterkunft<\/span><\/a><\/li><li class=\"has-medium-font-size wp-block-navigation-item wp-block-navigation-link\"><a class=\"wp-block-navigation-item__content\"  href=\"#\"><span class=\"wp-block-navigation-item__label\">&#8211;<\/span><\/a><\/li><li class=\"has-medium-font-size wp-block-navigation-item wp-block-navigation-link\"><a class=\"wp-block-navigation-item__content\"  href=\"https:\/\/www.ardennenmeeting.lu\/de\/kosten\/\"><span class=\"wp-block-navigation-item__label\">Kosten<\/span><\/a><\/li><li class=\"has-medium-font-size wp-block-navigation-item wp-block-navigation-link\"><a class=\"wp-block-navigation-item__content\"  href=\"#\"><span class=\"wp-block-navigation-item__label\">&#8211;<\/span><\/a><\/li><li class=\"has-medium-font-size wp-block-navigation-item wp-block-navigation-link\"><a class=\"wp-block-navigation-item__content\"  href=\"https:\/\/form.jotform.com\/251302469571355\" target=\"_blank\"  ><span class=\"wp-block-navigation-item__label\">Jetzt buchen!<\/span><\/a><\/li><\/ul>\n\t\t\t\t\t\t\t<\/div>\n\t\t\t\t\t\t<\/div>\n\t\t\t\t\t<\/div>\n\t\t\t\t<\/div><\/nav>\n<div style=\"height:33px\" aria-hidden=\"true\" class=\"wp-block-spacer\"><\/div>\n<h2>Zeitplan<\/h2>\n<p>Unsere Veranstaltung beginnt am <strong>Donnerstag, den 21. August 2025 ab 16:00 Uhr<\/strong> auf der Terrasse des &#8222;Cocoon Hotel Belair&#8220; in Bourscheid-Plage.<\/p>\n<p>Wenn Sie <strong>am Freitag<\/strong> anreisen<strong>, finden Sie uns ab 17:00 Uhr<\/strong> auf der gleichen Terrasse. Hier ist, was wir f\u00fcr Sie geplant haben: <\/p>\n\n<table width=\"80%\" border=\"1\">\n  <tbody>\n    <tr>\n      <td colspan=\"2\"><h4>Donnerstag, 21. August<\/h4><\/td>\n    <\/tr>\n     <tr>\n      <td width=\"20%\">ab 16:00 Uhr<\/td>\n      <td width=\"80%\">Willkommen auf der Terrasse des &#8222;Cocoon Hotel Belair&#8220;.<\/td>\n    <\/tr>\n   <tr>\n      <td colspan=\"2\">Ihr Abendessen kann noch am selben Tag im Hotel bestellt werden, ist aber nicht im Grundpreis enthalten.<\/td>\n    <\/tr> \n   \n<\/tbody>\n<\/table>\n<table width=\"80%\" border=\"1\">\n  <tbody>\n\n      <td colspan=\"2\"><h4>Freitag, 22. August<\/h4><\/td>\n    \n   \n    <tr>\n     <td width=\"20%\">ab 9:15 Uhr<\/td>\n     <td width=\"80%\">Aufbruch zum ersten Tag unserer Touren. Wir haben einen ganzen Reisetag geplant, um das Land zu entdecken, mit einigen Empfehlungen f\u00fcr Besuche auf dem Weg und einigen Wettbewerben und Spielen unterwegs.   \n<\/td>\n    <\/tr>\n    <tr>\n      <td width=\"20%\">11:30 Uhr &#8211; 2:00 Uhr<\/td>\n      <td width=\"80%\">Ein leichtes Mittagessen wird in Heinerscheid serviert<\/td>\n    <\/tr>\n    <tr>\n      <td width=\"20%\">gegen 17:00 Uhr<\/td>\n      <td width=\"80%\">Zur\u00fcck in Bourscheid<\/td>\n    <\/tr>\n    <tr>\n      <td width=\"20%\">ab 17:00 Uhr<\/td>\n      <td width=\"80%\">Begr\u00fc\u00dfung der Wochenend-Teilnehmer auf der Terrasse des &#8222;Cocoon Hotel Belair&#8220;.<\/td>\n    <\/tr>\n    <tr>\n      <td width=\"20%\">19:00 Uhr<\/td>\n      <td width=\"80%\">Aperitif im Hotel, gefolgt von einem Abendessen um 20:00 Uhr.<\/td>\n    <\/tr>\n<\/tbody>\n<\/table>\n<table width=\"80%\" border=\"1\">\n  <tbody>\n    <tr>\n      <td colspan=\"2=\"><h4>Samstag, 23. August<\/h4><\/td>\n    <\/tr>\n    <tr>\n      <td width=\"20%\">ab 9:15 Uhr<\/td>\n      <td width=\"80%\">Abreise zum zweiten Tourtag. <\/td> \n     <\/tr>\n    <tr>\n      <td width=\"20%\">11:00 Uhr &#8211; 2:30 Uhr<\/td>\n      <td width=\"80%\">Ankunft in Nospelt, das vor allem f\u00fcr das j\u00e4hrliche &#8222;Emaischen&#8220;-Volksfest am Ostermontag bekannt ist, aber auch historisch f\u00fcr die luxemburgische T\u00f6pferindustrie. Ein leichtes Mittagessen wird auch in Nospelt serviert   <\/td>\n     <\/tr>\n    <tr>\n      <td width=\"20%\">gegen 17:00 Uhr<\/td>\n      <td width=\"80%\">Zur\u00fcck in Bourscheid<\/td>\n    <\/tr>\n    <tr>\n      <td width=\"20%\">19:00 Uhr<\/td>\n      <td width=\"80%\">Aperitif im Hotel, gefolgt von einem Abendessen um 20:00 Uhr<\/td>\n    <\/tr>\n\n<\/tbody>\n<\/table>\n<table width=\"80%\" border=\"1\">\n  <tbody>\n\n      <td colspan=\"2\"><h4>Sonntag, 24. August<\/h4><\/td>\n    \n    <tr>\n      <td width=\"20%\">9:30 Uhr<\/td>\n      <td width=\"80%\">Brunch, bei dem wir uns ein letztes Mal im Hotel treffen werden. Wenn das Wetter mitspielt, planen wir einige Aktivit\u00e4ten vor dem Hotel. <\/td>\n    <\/tr>\n<\/tbody>\n<\/table>\n\n<p><\/p>\n\n<p>\u00c4nderungen an diesem Zeitplan sind jederzeit m\u00f6glich, auch w\u00e4hrend der Veranstaltung.<\/p>\n\n<div class=\"wp-block-cover alignfull is-light\" style=\"min-height:161px;aspect-ratio:unset;\"><span aria-hidden=\"true\" class=\"wp-block-cover__background has-background-dim-100 has-background-dim\" style=\"background-color:#8adc4b\"><\/span><div class=\"wp-block-cover__inner-container is-layout-flow wp-block-cover-is-layout-flow\">\n<div class=\"wp-block-buttons is-horizontal is-content-justification-center is-layout-flex wp-container-core-buttons-is-layout-499968f5 wp-block-buttons-is-layout-flex\">\n<div class=\"wp-block-button is-style-primary\"><a class=\"wp-block-button__link wp-element-button\" href=\"https:\/\/form.jotform.com\/251302469571355\" target=\"_blank\" rel=\"noreferrer noopener\">Buchen Sie JETZT Ihre Teilnahme am Ardennen MeetinG 2025!<\/a><\/div>\n<\/div>\n<\/div><\/div>\n","protected":false},"excerpt":{"rendered":"<p>Zeitplan Unsere Veranstaltung beginnt am Donnerstag, den 21. August 2025 ab 16:00 Uhr auf der Terrasse des &#8222;Cocoon Hotel Belair&#8220; in Bourscheid-Plage. Wenn Sie am Freitag anreisen, finden Sie uns ab 17:00 Uhr auf der gleichen Terrasse. Hier ist, was wir f\u00fcr Sie geplant haben: Donnerstag, 21. August ab 16:00 Uhr Willkommen auf der Terrasse&hellip;&nbsp;<a href=\"https:\/\/www.ardennenmeeting.lu\/de\/zeitplan\/\" rel=\"bookmark\">Weiterlesen &raquo;<span class=\"screen-reader-text\">Zeitplan<\/span><\/a><\/p>\n","protected":false},"author":1,"featured_media":0,"parent":0,"menu_order":0,"comment_status":"closed","ping_status":"closed","template":"","meta":{"neve_meta_sidebar":"","neve_meta_container":"","neve_meta_enable_content_width":"on","neve_meta_content_width":100,"neve_meta_title_alignment":"","neve_meta_author_avatar":"","neve_post_elements_order":"","neve_meta_disable_header":"off","neve_meta_disable_footer":"","neve_meta_disable_title":"on","ngg_post_thumbnail":0,"footnotes":""},"class_list":["post-1051","page","type-page","status-publish","hentry"],"_links":{"self":[{"href":"https:\/\/www.ardennenmeeting.lu\/de\/wp-json\/wp\/v2\/pages\/1051","targetHints":{"allow":["GET"]}}],"collection":[{"href":"https:\/\/www.ardennenmeeting.lu\/de\/wp-json\/wp\/v2\/pages"}],"about":[{"href":"https:\/\/www.ardennenmeeting.lu\/de\/wp-json\/wp\/v2\/types\/page"}],"author":[{"embeddable":true,"href":"https:\/\/www.ardennenmeeting.lu\/de\/wp-json\/wp\/v2\/users\/1"}],"replies":[{"embeddable":true,"href":"https:\/\/www.ardennenmeeting.lu\/de\/wp-json\/wp\/v2\/comments?post=1051"}],"version-history":[{"count":2,"href":"https:\/\/www.ardennenmeeting.lu\/de\/wp-json\/wp\/v2\/pages\/1051\/revisions"}],"predecessor-version":[{"id":1053,"href":"https:\/\/www.ardennenmeeting.lu\/de\/wp-json\/wp\/v2\/pages\/1051\/revisions\/1053"}],"wp:attachment":[{"href":"https:\/\/www.ardennenmeeting.lu\/de\/wp-json\/wp\/v2\/media?parent=1051"}],"curies":[{"name":"wp","href":"https:\/\/api.w.org\/{rel}","templated":true}]}}